{"id":2056,"date":"2019-10-05T21:03:41","date_gmt":"2019-10-05T21:03:41","guid":{"rendered":"https:\/\/www.meramont.eu\/?page_id=2056"},"modified":"2021-02-19T10:20:37","modified_gmt":"2021-02-19T10:20:37","slug":"dzial-techniczny","status":"publish","type":"page","link":"https:\/\/www.meramont.pl\/de\/o-firmie\/dzial-techniczny\/","title":{"rendered":"Die Technische Abteilung"},"content":{"rendered":"<div data-elementor-type=\"wp-post\" data-elementor-id=\"2056\" class=\"elementor elementor-2056\" data-elementor-settings=\"[]\">\n\t\t\t\t\t\t<div class=\"elementor-inner\">\n\t\t\t\t\t\t\t<div class=\"elementor-section-wrap\">\n\t\t\t\t\t\t\t<section class=\"elementor-section elementor-top-section elementor-element elementor-element-c4a2bd3 elementor-section-height-min-height elementor-section-boxed elementor-section-height-default elementor-section-items-middle\" data-id=\"c4a2bd3\" data-element_type=\"section\" data-settings=\"{&quot;background_background&quot;:&quot;slideshow&quot;,&quot;background_slideshow_gallery&quot;:[{&quot;id&quot;:3012,&quot;url&quot;:&quot;https:\\\/\\\/www.meramont.pl\\\/wp-content\\\/uploads\\\/2019\\\/11\\\/dziau0142techn-151-1.jpg&quot;},{&quot;id&quot;:3013,&quot;url&quot;:&quot;https:\\\/\\\/www.meramont.pl\\\/wp-content\\\/uploads\\\/2019\\\/11\\\/dziau0142techn-153-1.jpg&quot;},{&quot;id&quot;:3014,&quot;url&quot;:&quot;https:\\\/\\\/www.meramont.pl\\\/wp-content\\\/uploads\\\/2019\\\/11\\\/dziau0142techn-159-1.jpg&quot;}],&quot;background_slideshow_loop&quot;:&quot;yes&quot;,&quot;background_slideshow_slide_duration&quot;:5000,&quot;background_slideshow_slide_transition&quot;:&quot;fade&quot;,&quot;background_slideshow_transition_duration&quot;:500}\">\n\t\t\t\t\t\t\t<div class=\"elementor-background-overlay\"><\/div>\n\t\t\t\t\t\t\t<div class=\"elementor-container elementor-column-gap-default\">\n\t\t\t\t\t\t\t<div class=\"elementor-row\">\n\t\t\t\t\t<div class=\"elementor-column elementor-col-100 elementor-top-column elementor-element elementor-element-6e91aa0\" data-id=\"6e91aa0\" data-element_type=\"column\">\n\t\t\t<div class=\"elementor-column-wrap elementor-element-populated\">\n\t\t\t\t\t\t\t<div class=\"elementor-widget-wrap\">\n\t\t\t\t\t\t<div class=\"elementor-element elementor-element-7dc57c9 elementor-widget elementor-widget-heading\" data-id=\"7dc57c9\" data-element_type=\"widget\" data-widget_type=\"heading.default\">\n\t\t\t\t<div class=\"elementor-widget-container\">\n\t\t\t<h1 class=\"elementor-heading-title elementor-size-default elementor-heading-title elementor-size-default elementor-align-after-center elementor-align-after-mobile-center\">Technische Abteilung<br \/> Meramont S.A.<\/h1>\t\t<\/div>\n\t\t\t\t<\/div>\n\t\t\t\t<div class=\"elementor-element elementor-element-cf4c21d elementor-widget elementor-widget-heading\" data-id=\"cf4c21d\" data-element_type=\"widget\" data-widget_type=\"heading.default\">\n\t\t\t\t<div class=\"elementor-widget-container\">\n\t\t\t<span class=\"elementor-heading-title elementor-size-default elementor-heading-title elementor-size-default elementor-align-after-center elementor-align-after-mobile-center\">Unser Team von Konstrukteuren und Technologen verf\u00fcgt \u00fcber umfangreiche Erfahrung. Wir sind in der Lage, jede Herausforderung anzunehmen.&nbsp;<\/span>\t\t<\/div>\n\t\t\t\t<\/div>\n\t\t\t\t\t\t<\/div>\n\t\t\t\t\t<\/div>\n\t\t<\/div>\n\t\t\t\t\t\t\t\t<\/div>\n\t\t\t\t\t<\/div>\n\t\t<\/section>\n\t\t\t\t<section class=\"elementor-section elementor-top-section elementor-element elementor-element-472d33a elementor-section-boxed elementor-section-height-default elementor-section-height-default\" data-id=\"472d33a\" data-element_type=\"section\" data-settings=\"{&quot;background_background&quot;:&quot;classic&quot;}\">\n\t\t\t\t\t\t<div class=\"elementor-container elementor-column-gap-default\">\n\t\t\t\t\t\t\t<div class=\"elementor-row\">\n\t\t\t\t\t<div class=\"elementor-column elementor-col-50 elementor-top-column elementor-element elementor-element-d7164ed\" data-id=\"d7164ed\" data-element_type=\"column\">\n\t\t\t<div class=\"elementor-column-wrap elementor-element-populated\">\n\t\t\t\t\t\t\t<div class=\"elementor-widget-wrap\">\n\t\t\t\t\t\t<div class=\"elementor-element elementor-element-29e3e5c elementor-widget elementor-widget-text-editor\" data-id=\"29e3e5c\" data-element_type=\"widget\" data-widget_type=\"text-editor.default\">\n\t\t\t\t<div class=\"elementor-widget-container\">\n\t\t\t\t\t\t\t\t<div class=\"elementor-text-editor elementor-clearfix\">\n\t\t\t\t<p>Meramont S.A. bietet Dienstleistungen rund um das Design und die Entwicklung professioneller Konstruktionsl\u00f6sungen sowie den Optimalisierten und vollst\u00e4ndigen Fertigungsprozess.<\/p><p>Ein Team von Konstrukteuren und Technologen, die die modernen CAD-Systeme  Solid Edge, AutoCad und Inventor verwenden, wird selbst die Erwartungen der anspruchsvollsten Kunden erf\u00fcllen. Wir zeichnen uns vor allem aus durch:<\/p><ul><li>Zuverl\u00e4ssigkeit<\/li><li>Professionalit\u00e4t<\/li><li>Flexibilit\u00e4t<\/li><li>Aufgeschlossenheit gegen\u00fcber neuen L\u00f6sungen<\/li><\/ul><p>Das Konstruktionsb\u00fcro spezialisiert sich auf die Entwicklung von Individuellen L\u00f6sungen im Bereich:<\/p><ul><li>Geschwei\u00dfte Konstruktionen wie Plattformen, Regale und Gestelle<\/li><li>konstrukcji specjalnych \u2013 obrotnice, stanowiska testowe i oprzyrz\u0105dowanie spawalnicze<\/li><li>Bau von Beh\u00e4ltern und Containern<\/li><\/ul><p>Wir bieten eine umfassende Umsetzung von Projekten angefangen bei der Erarbeitung von Konzeptzeichnungen \u00fcber die Erstellung professioneller technischer Dokumentationen bis hin zur Konzipierung des Prototyps und der Umsetzung in der Produktion.<\/p>\t\t\t\t\t<\/div>\n\t\t\t\t\t\t<\/div>\n\t\t\t\t<\/div>\n\t\t\t\t\t\t<\/div>\n\t\t\t\t\t<\/div>\n\t\t<\/div>\n\t\t\t\t<div class=\"elementor-column elementor-col-50 elementor-top-column elementor-element elementor-element-a890f4b\" data-id=\"a890f4b\" data-element_type=\"column\">\n\t\t\t<div class=\"elementor-column-wrap\">\n\t\t\t\t\t\t\t<div class=\"elementor-widget-wrap\">\n\t\t\t\t\t\t\t\t<\/div>\n\t\t\t\t\t<\/div>\n\t\t<\/div>\n\t\t\t\t\t\t\t\t<\/div>\n\t\t\t\t\t<\/div>\n\t\t<\/section>\n\t\t\t\t<section class=\"elementor-section elementor-top-section elementor-element elementor-element-00979bc elementor-section-boxed elementor-section-height-default elementor-section-height-default\" data-id=\"00979bc\" data-element_type=\"section\" data-settings=\"{&quot;background_background&quot;:&quot;classic&quot;}\">\n\t\t\t\t\t\t<div class=\"elementor-container elementor-column-gap-default\">\n\t\t\t\t\t\t\t<div class=\"elementor-row\">\n\t\t\t\t\t<div class=\"elementor-column elementor-col-100 elementor-top-column elementor-element elementor-element-59e4fb6\" data-id=\"59e4fb6\" data-element_type=\"column\">\n\t\t\t<div class=\"elementor-column-wrap elementor-element-populated\">\n\t\t\t\t\t\t\t<div class=\"elementor-widget-wrap\">\n\t\t\t\t\t\t<div class=\"elementor-element elementor-element-6f413aa elementor-widget elementor-widget-spacer\" data-id=\"6f413aa\" data-element_type=\"widget\" data-widget_type=\"spacer.default\">\n\t\t\t\t<div class=\"elementor-widget-container\">\n\t\t\t\t\t<div class=\"elementor-spacer\">\n\t\t\t<div class=\"elementor-spacer-inner\"><\/div>\n\t\t<\/div>\n\t\t\t\t<\/div>\n\t\t\t\t<\/div>\n\t\t\t\t<div class=\"elementor-element elementor-element-1809a7b elementor-arrows-position-inside elementor-pagination-position-outside elementor-widget elementor-widget-image-carousel\" data-id=\"1809a7b\" data-element_type=\"widget\" data-settings=\"{&quot;slides_to_show&quot;:&quot;1&quot;,&quot;navigation&quot;:&quot;both&quot;,&quot;autoplay&quot;:&quot;yes&quot;,&quot;pause_on_hover&quot;:&quot;yes&quot;,&quot;pause_on_interaction&quot;:&quot;yes&quot;,&quot;autoplay_speed&quot;:5000,&quot;infinite&quot;:&quot;yes&quot;,&quot;effect&quot;:&quot;slide&quot;,&quot;speed&quot;:500}\" data-widget_type=\"image-carousel.default\">\n\t\t\t\t<div class=\"elementor-widget-container\">\n\t\t\t\t\t<div class=\"elementor-image-carousel-wrapper swiper-container\" dir=\"ltr\">\n\t\t\t<div class=\"elementor-image-carousel swiper-wrapper\">\n\t\t\t\t\t\t\t\t<div class=\"swiper-slide\"><figure class=\"swiper-slide-inner\"><img decoding=\"async\" class=\"swiper-slide-image\" src=\"https:\/\/www.meramont.pl\/wp-content\/uploads\/2019\/12\/dzialtechniczny-029-660x660.jpg\" alt=\"obiekt 2\" \/><\/figure><\/div><div class=\"swiper-slide\"><figure class=\"swiper-slide-inner\"><img decoding=\"async\" class=\"swiper-slide-image\" src=\"https:\/\/www.meramont.pl\/wp-content\/uploads\/2019\/12\/dzialtechniczny-028-660x660.jpg\" alt=\"obiekt 3\" \/><\/figure><\/div><div class=\"swiper-slide\"><figure class=\"swiper-slide-inner\"><img decoding=\"async\" class=\"swiper-slide-image\" src=\"https:\/\/www.meramont.pl\/wp-content\/uploads\/2019\/10\/Podest-2.2-1.jpg\" alt=\"Podest 2.2 (1)\" \/><\/figure><\/div><div class=\"swiper-slide\"><figure class=\"swiper-slide-inner\"><img decoding=\"async\" class=\"swiper-slide-image\" src=\"https:\/\/www.meramont.pl\/wp-content\/uploads\/2019\/10\/Podest-1.1-1.jpg\" alt=\"Podest 1.1 (1)\" \/><\/figure><\/div><div class=\"swiper-slide\"><figure class=\"swiper-slide-inner\"><img decoding=\"async\" class=\"swiper-slide-image\" src=\"https:\/\/www.meramont.pl\/wp-content\/uploads\/2019\/10\/OBROTNICA_2-1.jpg\" alt=\"OBROTNICA_2 (1)\" \/><\/figure><\/div><div class=\"swiper-slide\"><figure class=\"swiper-slide-inner\"><img decoding=\"async\" class=\"swiper-slide-image\" src=\"https:\/\/www.meramont.pl\/wp-content\/uploads\/2019\/10\/Obrornica-1.jpg\" alt=\"Obrornica (1)\" \/><\/figure><\/div><div class=\"swiper-slide\"><figure class=\"swiper-slide-inner\"><img decoding=\"async\" class=\"swiper-slide-image\" src=\"https:\/\/www.meramont.pl\/wp-content\/uploads\/2019\/12\/laser2d1536-503-660x660.jpg\" alt=\"laser2d1536-503\" \/><\/figure><\/div><div class=\"swiper-slide\"><figure class=\"swiper-slide-inner\"><img decoding=\"async\" class=\"swiper-slide-image\" src=\"https:\/\/www.meramont.pl\/wp-content\/uploads\/2019\/12\/laser2d1536-502-660x660.jpg\" alt=\"laser2d1536-502\" \/><\/figure><\/div><div class=\"swiper-slide\"><figure class=\"swiper-slide-inner\"><img decoding=\"async\" class=\"swiper-slide-image\" src=\"https:\/\/www.meramont.pl\/wp-content\/uploads\/2019\/12\/laser2d1536-501-660x660.jpg\" alt=\"laser2d1536-501\" \/><\/figure><\/div><div class=\"swiper-slide\"><figure class=\"swiper-slide-inner\"><img decoding=\"async\" class=\"swiper-slide-image\" src=\"https:\/\/www.meramont.pl\/wp-content\/uploads\/2019\/12\/laser2d1536-500-660x660.jpg\" alt=\"laser2d1536-500\" \/><\/figure><\/div><div class=\"swiper-slide\"><figure class=\"swiper-slide-inner\"><img decoding=\"async\" class=\"swiper-slide-image\" src=\"https:\/\/www.meramont.pl\/wp-content\/uploads\/2019\/12\/laser2d1536-499-660x660.jpg\" alt=\"laser2d1536-499\" \/><\/figure><\/div><div class=\"swiper-slide\"><figure class=\"swiper-slide-inner\"><img decoding=\"async\" class=\"swiper-slide-image\" src=\"https:\/\/www.meramont.pl\/wp-content\/uploads\/2019\/12\/dzialtechniczny-030-660x660.jpg\" alt=\"obiekt 1\" \/><\/figure><\/div>\t\t\t<\/div>\n\t\t\t\t\t\t\t\t\t\t\t\t<div class=\"swiper-pagination\"><\/div>\n\t\t\t\t\t\t\t\t\t\t\t\t\t<div class=\"elementor-swiper-button elementor-swiper-button-prev\">\n\t\t\t\t\t\t<i class=\"eicon-chevron-left\" aria-hidden=\"true\"><\/i>\n\t\t\t\t\t\t<span class=\"elementor-screen-only\">Zur\u00fcck<\/span>\n\t\t\t\t\t<\/div>\n\t\t\t\t\t<div class=\"elementor-swiper-button elementor-swiper-button-next\">\n\t\t\t\t\t\t<i class=\"eicon-chevron-right\" aria-hidden=\"true\"><\/i>\n\t\t\t\t\t\t<span class=\"elementor-screen-only\">Weiter<\/span>\n\t\t\t\t\t<\/div>\n\t\t\t\t\t\t\t\t\t<\/div>\n\t\t\t\t<\/div>\n\t\t\t\t<\/div>\n\t\t\t\t\t\t<\/div>\n\t\t\t\t\t<\/div>\n\t\t<\/div>\n\t\t\t\t\t\t\t\t<\/div>\n\t\t\t\t\t<\/div>\n\t\t<\/section>\n\t\t\t\t\t\t<\/div>\n\t\t\t\t\t\t<\/div>\n\t\t\t\t\t<\/div>","protected":false},"excerpt":{"rendered":"<p>Dzia\u0142 techniczny Meramont S.A. Nasza grupa konstruktor\u00f3w i technolog\u00f3w posiada bogate do\u015bwiadczenie. Jeste\u015bmy w stanie sprosta\u0107 ka\u017cdemu wyzwaniu.&nbsp;&#8230;<\/p>","protected":false},"author":1,"featured_media":0,"parent":2502,"menu_order":0,"comment_status":"closed","ping_status":"closed","template":"elementor_canvas","meta":{"om_disable_all_campaigns":false,"_monsterinsights_skip_tracking":false,"_monsterinsights_sitenote_active":false,"_monsterinsights_sitenote_note":"","_monsterinsights_sitenote_category":0,"footnotes":""},"class_list":["post-2056","page","type-page","status-publish","hentry"],"yoast_head":"<!-- This site is optimized with the Yoast SEO plugin v24.9 - https:\/\/yoast.com\/wordpress\/plugins\/seo\/ -->\n<title>Dzia\u0142 techniczny | MERAMONT S.A.<\/title>\n<meta name=\"description\" content=\"Meramont oferuje us\u0142ugi zwi\u0105zane z projektowaniem i opracowaniem profesjonalnych rozwi\u0105za\u0144 konstrukcyjnych oraz kompletnej i optymalnej technologii wytwarzania.\" \/>\n<meta name=\"robots\" content=\"index, follow, max-snippet:-1, max-image-preview:large, max-video-preview:-1\" \/>\n<link rel=\"canonical\" href=\"https:\/\/www.meramont.pl\/de\/o-firmie\/dzial-techniczny\/\" \/>\n<meta property=\"og:locale\" content=\"de_DE\" \/>\n<meta property=\"og:type\" content=\"article\" \/>\n<meta property=\"og:title\" content=\"Dzia\u0142 techniczny | MERAMONT S.A.\" \/>\n<meta property=\"og:description\" content=\"Meramont oferuje us\u0142ugi zwi\u0105zane z projektowaniem i opracowaniem profesjonalnych rozwi\u0105za\u0144 konstrukcyjnych oraz kompletnej i optymalnej technologii wytwarzania.\" \/>\n<meta property=\"og:url\" content=\"https:\/\/www.meramont.pl\/de\/o-firmie\/dzial-techniczny\/\" \/>\n<meta property=\"og:site_name\" content=\"Meramont S.A.\" \/>\n<meta property=\"article:modified_time\" content=\"2021-02-19T10:20:37+00:00\" \/>\n<meta property=\"og:image\" content=\"https:\/\/www.meramont.pl\/wp-content\/uploads\/2019\/12\/dzialtechniczny-029-660x660.jpg\" \/>\n<meta name=\"twitter:card\" content=\"summary_large_image\" \/>\n<meta name=\"twitter:label1\" content=\"Gesch\u00e4tzte Lesezeit\" \/>\n\t<meta name=\"twitter:data1\" content=\"4\u00a0Minuten\" \/>\n<script type=\"application\/ld+json\" class=\"yoast-schema-graph\">{\"@context\":\"https:\/\/schema.org\",\"@graph\":[{\"@type\":\"WebPage\",\"@id\":\"https:\/\/www.meramont.pl\/o-firmie\/dzial-techniczny\/\",\"url\":\"https:\/\/www.meramont.pl\/o-firmie\/dzial-techniczny\/\",\"name\":\"Dzia\u0142 techniczny | MERAMONT S.A.\",\"isPartOf\":{\"@id\":\"https:\/\/www.meramont.pl\/pl_pl\/#website\"},\"primaryImageOfPage\":{\"@id\":\"https:\/\/www.meramont.pl\/o-firmie\/dzial-techniczny\/#primaryimage\"},\"image\":{\"@id\":\"https:\/\/www.meramont.pl\/o-firmie\/dzial-techniczny\/#primaryimage\"},\"thumbnailUrl\":\"https:\/\/www.meramont.pl\/wp-content\/uploads\/2019\/12\/dzialtechniczny-029-660x660.jpg\",\"datePublished\":\"2019-10-05T21:03:41+00:00\",\"dateModified\":\"2021-02-19T10:20:37+00:00\",\"description\":\"Meramont oferuje us\u0142ugi zwi\u0105zane z projektowaniem i opracowaniem profesjonalnych rozwi\u0105za\u0144 konstrukcyjnych oraz kompletnej i optymalnej technologii wytwarzania.\",\"breadcrumb\":{\"@id\":\"https:\/\/www.meramont.pl\/o-firmie\/dzial-techniczny\/#breadcrumb\"},\"inLanguage\":\"de\",\"potentialAction\":[{\"@type\":\"ReadAction\",\"target\":[\"https:\/\/www.meramont.pl\/o-firmie\/dzial-techniczny\/\"]}]},{\"@type\":\"ImageObject\",\"inLanguage\":\"de\",\"@id\":\"https:\/\/www.meramont.pl\/o-firmie\/dzial-techniczny\/#primaryimage\",\"url\":\"https:\/\/www.meramont.pl\/wp-content\/uploads\/2019\/12\/dzialtechniczny-029-660x660.jpg\",\"contentUrl\":\"https:\/\/www.meramont.pl\/wp-content\/uploads\/2019\/12\/dzialtechniczny-029-660x660.jpg\"},{\"@type\":\"BreadcrumbList\",\"@id\":\"https:\/\/www.meramont.pl\/o-firmie\/dzial-techniczny\/#breadcrumb\",\"itemListElement\":[{\"@type\":\"ListItem\",\"position\":1,\"name\":\"Strona g\u0142\u00f3wna\",\"item\":\"https:\/\/www.meramont.pl\/\"},{\"@type\":\"ListItem\",\"position\":2,\"name\":\"O Firmie\",\"item\":\"https:\/\/www.meramont.pl\/o-firmie\/\"},{\"@type\":\"ListItem\",\"position\":3,\"name\":\"Dzial Techniczny\"}]},{\"@type\":\"WebSite\",\"@id\":\"https:\/\/www.meramont.pl\/pl_pl\/#website\",\"url\":\"https:\/\/www.meramont.pl\/pl_pl\/\",\"name\":\"Meramont S.A.\",\"description\":\"Ponad 50 lat profesjonalnej obr\u00f3bki metali\",\"publisher\":{\"@id\":\"https:\/\/www.meramont.pl\/pl_pl\/#organization\"},\"potentialAction\":[{\"@type\":\"SearchAction\",\"target\":{\"@type\":\"EntryPoint\",\"urlTemplate\":\"https:\/\/www.meramont.pl\/pl_pl\/?s={search_term_string}\"},\"query-input\":{\"@type\":\"PropertyValueSpecification\",\"valueRequired\":true,\"valueName\":\"search_term_string\"}}],\"inLanguage\":\"de\"},{\"@type\":\"Organization\",\"@id\":\"https:\/\/www.meramont.pl\/pl_pl\/#organization\",\"name\":\"Meramont S.A.\",\"url\":\"https:\/\/www.meramont.pl\/pl_pl\/\",\"logo\":{\"@type\":\"ImageObject\",\"inLanguage\":\"de\",\"@id\":\"https:\/\/www.meramont.pl\/pl_pl\/#\/schema\/logo\/image\/\",\"url\":\"https:\/\/www.meramont.pl\/wp-content\/uploads\/2018\/07\/cropped-MeramontLogo.png\",\"contentUrl\":\"https:\/\/www.meramont.pl\/wp-content\/uploads\/2018\/07\/cropped-MeramontLogo.png\",\"width\":200,\"height\":60,\"caption\":\"Meramont S.A.\"},\"image\":{\"@id\":\"https:\/\/www.meramont.pl\/pl_pl\/#\/schema\/logo\/image\/\"},\"sameAs\":[\"https:\/\/www.linkedin.com\/company\/meramont\"]}]}<\/script>\n<!-- \/ Yoast SEO plugin. -->","yoast_head_json":{"title":"Dzia\u0142 techniczny | MERAMONT S.A.","description":"Meramont oferuje us\u0142ugi zwi\u0105zane z projektowaniem i opracowaniem profesjonalnych rozwi\u0105za\u0144 konstrukcyjnych oraz kompletnej i optymalnej technologii wytwarzania.","robots":{"index":"index","follow":"follow","max-snippet":"max-snippet:-1","max-image-preview":"max-image-preview:large","max-video-preview":"max-video-preview:-1"},"canonical":"https:\/\/www.meramont.pl\/de\/o-firmie\/dzial-techniczny\/","og_locale":"de_DE","og_type":"article","og_title":"Dzia\u0142 techniczny | MERAMONT S.A.","og_description":"Meramont oferuje us\u0142ugi zwi\u0105zane z projektowaniem i opracowaniem profesjonalnych rozwi\u0105za\u0144 konstrukcyjnych oraz kompletnej i optymalnej technologii wytwarzania.","og_url":"https:\/\/www.meramont.pl\/de\/o-firmie\/dzial-techniczny\/","og_site_name":"Meramont S.A.","article_modified_time":"2021-02-19T10:20:37+00:00","og_image":[{"url":"https:\/\/www.meramont.pl\/wp-content\/uploads\/2019\/12\/dzialtechniczny-029-660x660.jpg","type":"","width":"","height":""}],"twitter_card":"summary_large_image","twitter_misc":{"Gesch\u00e4tzte Lesezeit":"4\u00a0Minuten"},"schema":{"@context":"https:\/\/schema.org","@graph":[{"@type":"WebPage","@id":"https:\/\/www.meramont.pl\/o-firmie\/dzial-techniczny\/","url":"https:\/\/www.meramont.pl\/o-firmie\/dzial-techniczny\/","name":"Dzia\u0142 techniczny | MERAMONT S.A.","isPartOf":{"@id":"https:\/\/www.meramont.pl\/pl_pl\/#website"},"primaryImageOfPage":{"@id":"https:\/\/www.meramont.pl\/o-firmie\/dzial-techniczny\/#primaryimage"},"image":{"@id":"https:\/\/www.meramont.pl\/o-firmie\/dzial-techniczny\/#primaryimage"},"thumbnailUrl":"https:\/\/www.meramont.pl\/wp-content\/uploads\/2019\/12\/dzialtechniczny-029-660x660.jpg","datePublished":"2019-10-05T21:03:41+00:00","dateModified":"2021-02-19T10:20:37+00:00","description":"Meramont oferuje us\u0142ugi zwi\u0105zane z projektowaniem i opracowaniem profesjonalnych rozwi\u0105za\u0144 konstrukcyjnych oraz kompletnej i optymalnej technologii wytwarzania.","breadcrumb":{"@id":"https:\/\/www.meramont.pl\/o-firmie\/dzial-techniczny\/#breadcrumb"},"inLanguage":"de","potentialAction":[{"@type":"ReadAction","target":["https:\/\/www.meramont.pl\/o-firmie\/dzial-techniczny\/"]}]},{"@type":"ImageObject","inLanguage":"de","@id":"https:\/\/www.meramont.pl\/o-firmie\/dzial-techniczny\/#primaryimage","url":"https:\/\/www.meramont.pl\/wp-content\/uploads\/2019\/12\/dzialtechniczny-029-660x660.jpg","contentUrl":"https:\/\/www.meramont.pl\/wp-content\/uploads\/2019\/12\/dzialtechniczny-029-660x660.jpg"},{"@type":"BreadcrumbList","@id":"https:\/\/www.meramont.pl\/o-firmie\/dzial-techniczny\/#breadcrumb","itemListElement":[{"@type":"ListItem","position":1,"name":"Strona g\u0142\u00f3wna","item":"https:\/\/www.meramont.pl\/"},{"@type":"ListItem","position":2,"name":"O Firmie","item":"https:\/\/www.meramont.pl\/o-firmie\/"},{"@type":"ListItem","position":3,"name":"Dzial Techniczny"}]},{"@type":"WebSite","@id":"https:\/\/www.meramont.pl\/pl_pl\/#website","url":"https:\/\/www.meramont.pl\/pl_pl\/","name":"Meramont S.A.","description":"Ponad 50 lat profesjonalnej obr\u00f3bki metali","publisher":{"@id":"https:\/\/www.meramont.pl\/pl_pl\/#organization"},"potentialAction":[{"@type":"SearchAction","target":{"@type":"EntryPoint","urlTemplate":"https:\/\/www.meramont.pl\/pl_pl\/?s={search_term_string}"},"query-input":{"@type":"PropertyValueSpecification","valueRequired":true,"valueName":"search_term_string"}}],"inLanguage":"de"},{"@type":"Organization","@id":"https:\/\/www.meramont.pl\/pl_pl\/#organization","name":"Meramont S.A.","url":"https:\/\/www.meramont.pl\/pl_pl\/","logo":{"@type":"ImageObject","inLanguage":"de","@id":"https:\/\/www.meramont.pl\/pl_pl\/#\/schema\/logo\/image\/","url":"https:\/\/www.meramont.pl\/wp-content\/uploads\/2018\/07\/cropped-MeramontLogo.png","contentUrl":"https:\/\/www.meramont.pl\/wp-content\/uploads\/2018\/07\/cropped-MeramontLogo.png","width":200,"height":60,"caption":"Meramont S.A."},"image":{"@id":"https:\/\/www.meramont.pl\/pl_pl\/#\/schema\/logo\/image\/"},"sameAs":["https:\/\/www.linkedin.com\/company\/meramont"]}]}},"_links":{"self":[{"href":"https:\/\/www.meramont.pl\/de\/wp-json\/wp\/v2\/pages\/2056","targetHints":{"allow":["GET"]}}],"collection":[{"href":"https:\/\/www.meramont.pl\/de\/wp-json\/wp\/v2\/pages"}],"about":[{"href":"https:\/\/www.meramont.pl\/de\/wp-json\/wp\/v2\/types\/page"}],"author":[{"embeddable":true,"href":"https:\/\/www.meramont.pl\/de\/wp-json\/wp\/v2\/users\/1"}],"replies":[{"embeddable":true,"href":"https:\/\/www.meramont.pl\/de\/wp-json\/wp\/v2\/comments?post=2056"}],"version-history":[{"count":40,"href":"https:\/\/www.meramont.pl\/de\/wp-json\/wp\/v2\/pages\/2056\/revisions"}],"predecessor-version":[{"id":4622,"href":"https:\/\/www.meramont.pl\/de\/wp-json\/wp\/v2\/pages\/2056\/revisions\/4622"}],"up":[{"embeddable":true,"href":"https:\/\/www.meramont.pl\/de\/wp-json\/wp\/v2\/pages\/2502"}],"wp:attachment":[{"href":"https:\/\/www.meramont.pl\/de\/wp-json\/wp\/v2\/media?parent=2056"}],"curies":[{"name":"wp","href":"https:\/\/api.w.org\/{rel}","templated":true}]}}