{"id":2084,"date":"2019-10-05T22:32:13","date_gmt":"2019-10-05T22:32:13","guid":{"rendered":"https:\/\/www.meramont.eu\/?page_id=2084"},"modified":"2021-11-17T11:09:05","modified_gmt":"2021-11-17T11:09:05","slug":"polityka-jakosci","status":"publish","type":"page","link":"https:\/\/www.meramont.pl\/en\/o-firmie\/polityka-jakosci\/","title":{"rendered":"Quality Policy"},"content":{"rendered":"<div data-elementor-type=\"wp-post\" data-elementor-id=\"2084\" class=\"elementor elementor-2084\" data-elementor-settings=\"[]\">\n\t\t\t\t\t\t<div class=\"elementor-inner\">\n\t\t\t\t\t\t\t<div class=\"elementor-section-wrap\">\n\t\t\t\t\t\t\t<section class=\"elementor-section elementor-top-section elementor-element elementor-element-c4a2bd3 elementor-section-height-min-height elementor-section-boxed elementor-section-height-default elementor-section-items-middle\" data-id=\"c4a2bd3\" data-element_type=\"section\" data-settings=\"{&quot;background_background&quot;:&quot;slideshow&quot;,&quot;background_slideshow_gallery&quot;:[{&quot;id&quot;:3523,&quot;url&quot;:&quot;https:\\\/\\\/www.meramont.pl\\\/wp-content\\\/uploads\\\/2019\\\/11\\\/2500x1250-213.jpg&quot;},{&quot;id&quot;:3527,&quot;url&quot;:&quot;https:\\\/\\\/www.meramont.pl\\\/wp-content\\\/uploads\\\/2019\\\/11\\\/2500x1250-217.jpg&quot;},{&quot;id&quot;:3967,&quot;url&quot;:&quot;https:\\\/\\\/www.meramont.pl\\\/wp-content\\\/uploads\\\/2019\\\/12\\\/laser2d2500-521.jpeg&quot;}],&quot;background_slideshow_loop&quot;:&quot;yes&quot;,&quot;background_slideshow_slide_duration&quot;:5000,&quot;background_slideshow_slide_transition&quot;:&quot;fade&quot;,&quot;background_slideshow_transition_duration&quot;:500}\">\n\t\t\t\t\t\t\t<div class=\"elementor-background-overlay\"><\/div>\n\t\t\t\t\t\t\t<div class=\"elementor-container elementor-column-gap-default\">\n\t\t\t\t\t\t\t<div class=\"elementor-row\">\n\t\t\t\t\t<div class=\"elementor-column elementor-col-100 elementor-top-column elementor-element elementor-element-6e91aa0\" data-id=\"6e91aa0\" data-element_type=\"column\">\n\t\t\t<div class=\"elementor-column-wrap elementor-element-populated\">\n\t\t\t\t\t\t\t<div class=\"elementor-widget-wrap\">\n\t\t\t\t\t\t<div class=\"elementor-element elementor-element-7dc57c9 elementor-widget elementor-widget-heading\" data-id=\"7dc57c9\" data-element_type=\"widget\" data-widget_type=\"heading.default\">\n\t\t\t\t<div class=\"elementor-widget-container\">\n\t\t\t<h1 class=\"elementor-heading-title elementor-size-default elementor-heading-title elementor-size-default elementor-align-after-center elementor-align-after-mobile-center\">Zintegrowana Polityka Jako\u015bci i \u015arodowiskowa <\/h1>\t\t<\/div>\n\t\t\t\t<\/div>\n\t\t\t\t<div class=\"elementor-element elementor-element-cf4c21d elementor-widget elementor-widget-heading\" data-id=\"cf4c21d\" data-element_type=\"widget\" data-widget_type=\"heading.default\">\n\t\t\t\t<div class=\"elementor-widget-container\">\n\t\t\t<h2 class=\"elementor-heading-title elementor-size-default elementor-heading-title elementor-size-default elementor-align-after-center elementor-align-after-mobile-center\">MERAMONT Sp\u00f3\u0142ka Akcyjna<\/h2>\t\t<\/div>\n\t\t\t\t<\/div>\n\t\t\t\t\t\t<\/div>\n\t\t\t\t\t<\/div>\n\t\t<\/div>\n\t\t\t\t\t\t\t\t<\/div>\n\t\t\t\t\t<\/div>\n\t\t<\/section>\n\t\t\t\t<section class=\"elementor-section elementor-top-section elementor-element elementor-element-472d33a elementor-section-boxed elementor-section-height-default elementor-section-height-default\" data-id=\"472d33a\" data-element_type=\"section\" data-settings=\"{&quot;background_background&quot;:&quot;classic&quot;}\">\n\t\t\t\t\t\t<div class=\"elementor-container elementor-column-gap-default\">\n\t\t\t\t\t\t\t<div class=\"elementor-row\">\n\t\t\t\t\t<div class=\"elementor-column elementor-col-100 elementor-top-column elementor-element elementor-element-d7164ed\" data-id=\"d7164ed\" data-element_type=\"column\">\n\t\t\t<div class=\"elementor-column-wrap elementor-element-populated\">\n\t\t\t\t\t\t\t<div class=\"elementor-widget-wrap\">\n\t\t\t\t\t\t<div class=\"elementor-element elementor-element-29e3e5c elementor-widget elementor-widget-text-editor\" data-id=\"29e3e5c\" data-element_type=\"widget\" data-widget_type=\"text-editor.default\">\n\t\t\t\t<div class=\"elementor-widget-container\">\n\t\t\t\t\t\t\t\t<div class=\"elementor-text-editor elementor-clearfix\">\n\t\t\t\t<p>MERAMONT Sp\u00f3\u0142ka Akcyjna dzia\u0142a w szeroko poj\u0119tym przemy\u015ble metalowym w zakresie: Wytwarzania konstrukcji metalowych i zbiornik\u00f3w, pulpit\u00f3w sterowniczych, obud\u00f3w i\u00a0podzespo\u0142\u00f3w maszyn raz mebli metalowych, us\u0142ugi wycinania laserowego, wykrawania, gi\u0119cia, obr\u00f3bki skrawaniem, spawania, malowania i monta\u017cu. Produkcja podzespo\u0142\u00f3w dla przemys\u0142u motoryzacyjnego.<br \/>Stosowane w sp\u00f3\u0142ce technologie wycinania laserowego, wykrawania narz\u0119dziowego, gi\u0119cia, obr\u00f3bki skrawaniem, spawania, malowania i monta\u017cu gwarantuj\u0105 spe\u0142nienie oczekiwa\u0144 i\u00a0wymaga\u0144 Klient\u00f3w.<br \/>Chcemy pomaga\u0107 naszym Klientom znale\u017a\u0107 korzystne rozwi\u0105zania technologiczne zgodne z\u00a0obowi\u0105zuj\u0105cymi normami i przepisami, kt\u00f3re zapewniaj\u0105 wysok\u0105 jako\u015b\u0107, terminowo\u015b\u0107 i\u00a0funkcjonalno\u015b\u0107 wykonywanych przez nas produkt\u00f3w i us\u0142ug oraz daj\u0105ce w efekcie wymierne korzy\u015bci finansowe dla obu stron.<br \/>Realizuj\u0105c powy\u017csze za\u0142o\u017cenia dzia\u0142amy jednocze\u015bnie na rzecz ochrony \u015brodowiska dok\u0142adaj\u0105c stara\u0144, aby ograniczy\u0107 niekorzystny wp\u0142yw na \u015brodowisko oraz spe\u0142nienia wymaga\u0144 prawnych i stron zainteresowanych.<\/p><p>Quality assurance aims to achieve by implementing the adopted strategic goals.<\/p><p>Quality objectives:<br \/>1. Osi\u0105ganie za\u0142o\u017conego poziomu terminowo\u015bci dostaw. <br \/>2. Osi\u0105gni\u0119cie poziomu jako\u015bci dostaw wymaganego przez naszych Klient\u00f3w. <br \/>3. Doskonalenie systemu zabezpieczenia \u015brodowiska pracy. <br \/>4. Doskonalenie wdro\u017conego zintegrowanego systemu zarz\u0105dzania zgodnego z ISO 9001 , ISO 14001 oraz EN ISO 3834-2 i ISO 15085-2, EN 1090-2 poprzez realizacj\u0119 za\u0142o\u017conych cel\u00f3w i wska\u017anik\u00f3w.<\/p><p>Cel \u015brodowiskowy:<br \/>1. Zminimalizowanie wp\u0142ywu dzia\u0142alno\u015bci sp\u00f3\u0142ki na \u015brodowisko, poprzez:<br \/><span style=\"font-family: var( --e-global-typography-text-font-family ), Sans-serif; font-weight: var( --e-global-typography-text-font-weight );\">&#8211; ograniczanie i zapobieganie zanieczyszczeniom \u015brodowiska, zmniejszenie odpad\u00f3w i ich odzyskiwanie tam gdzie to mo\u017cliwe,<br \/><\/span><span style=\"font-family: var( --e-global-typography-text-font-family ), Sans-serif; font-weight: var( --e-global-typography-text-font-weight );\">&#8211; racjonalne zu\u017cywanie surowc\u00f3w, materia\u0142\u00f3w, zasob\u00f3w naturalnych i energii,<br \/><\/span><span style=\"font-family: var( --e-global-typography-text-font-family ), Sans-serif; font-weight: var( --e-global-typography-text-font-weight );\">&#8211; dzia\u0142anie na rzecz zdrowia pracownik\u00f3w i spo\u0142ecze\u0144stwa,<br \/><\/span><span style=\"font-family: var( --e-global-typography-text-font-family ), Sans-serif; font-weight: var( --e-global-typography-text-font-weight );\">&#8211; przestrzeganie wymaga\u0144 dotycz\u0105cych ochrony \u015brodowiska wynikaj\u0105cych z ustawodawstwa, przepis\u00f3w prawnych i innych wymaga\u0144, do przestrzegania kt\u00f3rych sp\u00f3\u0142ka si\u0119 zobowi\u0105za\u0142a, a kt\u00f3re dotycz\u0105 sp\u00f3\u0142ki i jej aspekt\u00f3w \u015brodowiskowych,<br \/><\/span><span style=\"font-family: var( --e-global-typography-text-font-family ), Sans-serif; font-weight: var( --e-global-typography-text-font-weight );\">&#8211; wsp\u00f3\u0142prace w zakresie ochrony \u015brodowiska ze wszystkimi zainteresowanymi stronami: Klientami , dostawcami , pracownikami , w\u0142adzami itp.<\/span><\/p><p>Gwarantem osi\u0105gni\u0119cia za\u0142o\u017conych cel\u00f3w jest wdro\u017cenie i ci\u0105g\u0142e doskonalenie skuteczno\u015bci zintegrowanego systemu zarz\u0105dzania jako\u015bci\u0105 i \u015brodowiskiem zgodnego z wymaganiami norm PN-EN ISO 9001, PN-EN ISO 14001, EN ISO 3834-2, EN 1090-2 oraz ISO 15085-2.<\/p><p>Zrozumienie i przestrzeganie polityki i cel\u00f3w przez ca\u0142y personel sp\u00f3\u0142ki oraz zaanga\u017cowanie wszystkich w realizacj\u0119 przyj\u0119tych za\u0142o\u017ce\u0144 pozwoli na osi\u0105gni\u0119cie wyznaczonych cel\u00f3w.<\/p>\t\t\t\t\t<\/div>\n\t\t\t\t\t\t<\/div>\n\t\t\t\t<\/div>\n\t\t\t\t<div class=\"elementor-element elementor-element-1e17288 elementor-widget elementor-widget-text-editor\" data-id=\"1e17288\" data-element_type=\"widget\" data-widget_type=\"text-editor.default\">\n\t\t\t\t<div class=\"elementor-widget-container\">\n\t\t\t\t\t\t\t\t<div class=\"elementor-text-editor elementor-clearfix\">\n\t\t\t\t<p>Prezes Zarz\u0105du<\/p><p>Maciej Wolny<\/p>\t\t\t\t\t<\/div>\n\t\t\t\t\t\t<\/div>\n\t\t\t\t<\/div>\n\t\t\t\t\t\t<\/div>\n\t\t\t\t\t<\/div>\n\t\t<\/div>\n\t\t\t\t\t\t\t\t<\/div>\n\t\t\t\t\t<\/div>\n\t\t<\/section>\n\t\t\t\t\t\t<\/div>\n\t\t\t\t\t\t<\/div>\n\t\t\t\t\t<\/div>","protected":false},"excerpt":{"rendered":"<p>Zintegrowana Polityka Jako\u015bci i \u015arodowiskowa MERAMONT Sp\u00f3\u0142ka Akcyjna MERAMONT Sp\u00f3\u0142ka Akcyjna dzia\u0142a w szeroko poj\u0119tym przemy\u015ble metalowym w&#8230;<\/p>","protected":false},"author":1,"featured_media":0,"parent":2502,"menu_order":0,"comment_status":"closed","ping_status":"closed","template":"elementor_canvas","meta":{"om_disable_all_campaigns":false,"_monsterinsights_skip_tracking":false,"_monsterinsights_sitenote_active":false,"_monsterinsights_sitenote_note":"","_monsterinsights_sitenote_category":0,"footnotes":""},"class_list":["post-2084","page","type-page","status-publish","hentry"],"yoast_head":"<!-- This site is optimized with the Yoast SEO plugin v24.9 - https:\/\/yoast.com\/wordpress\/plugins\/seo\/ -->\n<title>Polityka Jako\u015bci | MERAMONT S.A.<\/title>\n<meta name=\"description\" content=\"MERAMONT S.A. dzia\u0142a w szeroko poj\u0119tym przemy\u015ble metalowym ze szczeg\u00f3lnym uwzgl\u0119dnieniem dostarczania produkt\u00f3w i us\u0142ug z zakresu konstrukcji metalowych.\" \/>\n<meta name=\"robots\" content=\"index, follow, max-snippet:-1, max-image-preview:large, max-video-preview:-1\" \/>\n<link rel=\"canonical\" href=\"https:\/\/www.meramont.pl\/en\/o-firmie\/polityka-jakosci\/\" \/>\n<meta property=\"og:locale\" content=\"en_GB\" \/>\n<meta property=\"og:type\" content=\"article\" \/>\n<meta property=\"og:title\" content=\"Polityka Jako\u015bci | MERAMONT S.A.\" \/>\n<meta property=\"og:description\" content=\"MERAMONT S.A. dzia\u0142a w szeroko poj\u0119tym przemy\u015ble metalowym ze szczeg\u00f3lnym uwzgl\u0119dnieniem dostarczania produkt\u00f3w i us\u0142ug z zakresu konstrukcji metalowych.\" \/>\n<meta property=\"og:url\" content=\"https:\/\/www.meramont.pl\/en\/o-firmie\/polityka-jakosci\/\" \/>\n<meta property=\"og:site_name\" content=\"Meramont S.A.\" \/>\n<meta property=\"article:modified_time\" content=\"2021-11-17T11:09:05+00:00\" \/>\n<meta name=\"twitter:card\" content=\"summary_large_image\" \/>\n<meta name=\"twitter:label1\" content=\"Estimated reading time\" \/>\n\t<meta name=\"twitter:data1\" content=\"2 minutes\" \/>\n<script type=\"application\/ld+json\" class=\"yoast-schema-graph\">{\"@context\":\"https:\/\/schema.org\",\"@graph\":[{\"@type\":\"WebPage\",\"@id\":\"https:\/\/www.meramont.pl\/o-firmie\/polityka-jakosci\/\",\"url\":\"https:\/\/www.meramont.pl\/o-firmie\/polityka-jakosci\/\",\"name\":\"Polityka Jako\u015bci | MERAMONT S.A.\",\"isPartOf\":{\"@id\":\"https:\/\/www.meramont.pl\/pl_pl\/#website\"},\"datePublished\":\"2019-10-05T22:32:13+00:00\",\"dateModified\":\"2021-11-17T11:09:05+00:00\",\"description\":\"MERAMONT S.A. dzia\u0142a w szeroko poj\u0119tym przemy\u015ble metalowym ze szczeg\u00f3lnym uwzgl\u0119dnieniem dostarczania produkt\u00f3w i us\u0142ug z zakresu konstrukcji metalowych.\",\"breadcrumb\":{\"@id\":\"https:\/\/www.meramont.pl\/o-firmie\/polityka-jakosci\/#breadcrumb\"},\"inLanguage\":\"en-GB\",\"potentialAction\":[{\"@type\":\"ReadAction\",\"target\":[\"https:\/\/www.meramont.pl\/o-firmie\/polityka-jakosci\/\"]}]},{\"@type\":\"BreadcrumbList\",\"@id\":\"https:\/\/www.meramont.pl\/o-firmie\/polityka-jakosci\/#breadcrumb\",\"itemListElement\":[{\"@type\":\"ListItem\",\"position\":1,\"name\":\"Strona g\u0142\u00f3wna\",\"item\":\"https:\/\/www.meramont.pl\/\"},{\"@type\":\"ListItem\",\"position\":2,\"name\":\"O Firmie\",\"item\":\"https:\/\/www.meramont.pl\/o-firmie\/\"},{\"@type\":\"ListItem\",\"position\":3,\"name\":\"Polityka Jako\u015bci\"}]},{\"@type\":\"WebSite\",\"@id\":\"https:\/\/www.meramont.pl\/pl_pl\/#website\",\"url\":\"https:\/\/www.meramont.pl\/pl_pl\/\",\"name\":\"Meramont S.A.\",\"description\":\"Ponad 50 lat profesjonalnej obr\u00f3bki metali\",\"publisher\":{\"@id\":\"https:\/\/www.meramont.pl\/pl_pl\/#organization\"},\"potentialAction\":[{\"@type\":\"SearchAction\",\"target\":{\"@type\":\"EntryPoint\",\"urlTemplate\":\"https:\/\/www.meramont.pl\/pl_pl\/?s={search_term_string}\"},\"query-input\":{\"@type\":\"PropertyValueSpecification\",\"valueRequired\":true,\"valueName\":\"search_term_string\"}}],\"inLanguage\":\"en-GB\"},{\"@type\":\"Organization\",\"@id\":\"https:\/\/www.meramont.pl\/pl_pl\/#organization\",\"name\":\"Meramont S.A.\",\"url\":\"https:\/\/www.meramont.pl\/pl_pl\/\",\"logo\":{\"@type\":\"ImageObject\",\"inLanguage\":\"en-GB\",\"@id\":\"https:\/\/www.meramont.pl\/pl_pl\/#\/schema\/logo\/image\/\",\"url\":\"https:\/\/www.meramont.pl\/wp-content\/uploads\/2018\/07\/cropped-MeramontLogo.png\",\"contentUrl\":\"https:\/\/www.meramont.pl\/wp-content\/uploads\/2018\/07\/cropped-MeramontLogo.png\",\"width\":200,\"height\":60,\"caption\":\"Meramont S.A.\"},\"image\":{\"@id\":\"https:\/\/www.meramont.pl\/pl_pl\/#\/schema\/logo\/image\/\"},\"sameAs\":[\"https:\/\/www.linkedin.com\/company\/meramont\"]}]}<\/script>\n<!-- \/ Yoast SEO plugin. -->","yoast_head_json":{"title":"Polityka Jako\u015bci | MERAMONT S.A.","description":"MERAMONT S.A. dzia\u0142a w szeroko poj\u0119tym przemy\u015ble metalowym ze szczeg\u00f3lnym uwzgl\u0119dnieniem dostarczania produkt\u00f3w i us\u0142ug z zakresu konstrukcji metalowych.","robots":{"index":"index","follow":"follow","max-snippet":"max-snippet:-1","max-image-preview":"max-image-preview:large","max-video-preview":"max-video-preview:-1"},"canonical":"https:\/\/www.meramont.pl\/en\/o-firmie\/polityka-jakosci\/","og_locale":"en_GB","og_type":"article","og_title":"Polityka Jako\u015bci | MERAMONT S.A.","og_description":"MERAMONT S.A. dzia\u0142a w szeroko poj\u0119tym przemy\u015ble metalowym ze szczeg\u00f3lnym uwzgl\u0119dnieniem dostarczania produkt\u00f3w i us\u0142ug z zakresu konstrukcji metalowych.","og_url":"https:\/\/www.meramont.pl\/en\/o-firmie\/polityka-jakosci\/","og_site_name":"Meramont S.A.","article_modified_time":"2021-11-17T11:09:05+00:00","twitter_card":"summary_large_image","twitter_misc":{"Estimated reading time":"2 minutes"},"schema":{"@context":"https:\/\/schema.org","@graph":[{"@type":"WebPage","@id":"https:\/\/www.meramont.pl\/o-firmie\/polityka-jakosci\/","url":"https:\/\/www.meramont.pl\/o-firmie\/polityka-jakosci\/","name":"Polityka Jako\u015bci | MERAMONT S.A.","isPartOf":{"@id":"https:\/\/www.meramont.pl\/pl_pl\/#website"},"datePublished":"2019-10-05T22:32:13+00:00","dateModified":"2021-11-17T11:09:05+00:00","description":"MERAMONT S.A. dzia\u0142a w szeroko poj\u0119tym przemy\u015ble metalowym ze szczeg\u00f3lnym uwzgl\u0119dnieniem dostarczania produkt\u00f3w i us\u0142ug z zakresu konstrukcji metalowych.","breadcrumb":{"@id":"https:\/\/www.meramont.pl\/o-firmie\/polityka-jakosci\/#breadcrumb"},"inLanguage":"en-GB","potentialAction":[{"@type":"ReadAction","target":["https:\/\/www.meramont.pl\/o-firmie\/polityka-jakosci\/"]}]},{"@type":"BreadcrumbList","@id":"https:\/\/www.meramont.pl\/o-firmie\/polityka-jakosci\/#breadcrumb","itemListElement":[{"@type":"ListItem","position":1,"name":"Strona g\u0142\u00f3wna","item":"https:\/\/www.meramont.pl\/"},{"@type":"ListItem","position":2,"name":"O Firmie","item":"https:\/\/www.meramont.pl\/o-firmie\/"},{"@type":"ListItem","position":3,"name":"Polityka Jako\u015bci"}]},{"@type":"WebSite","@id":"https:\/\/www.meramont.pl\/pl_pl\/#website","url":"https:\/\/www.meramont.pl\/pl_pl\/","name":"Meramont S.A.","description":"Ponad 50 lat profesjonalnej obr\u00f3bki metali","publisher":{"@id":"https:\/\/www.meramont.pl\/pl_pl\/#organization"},"potentialAction":[{"@type":"SearchAction","target":{"@type":"EntryPoint","urlTemplate":"https:\/\/www.meramont.pl\/pl_pl\/?s={search_term_string}"},"query-input":{"@type":"PropertyValueSpecification","valueRequired":true,"valueName":"search_term_string"}}],"inLanguage":"en-GB"},{"@type":"Organization","@id":"https:\/\/www.meramont.pl\/pl_pl\/#organization","name":"Meramont S.A.","url":"https:\/\/www.meramont.pl\/pl_pl\/","logo":{"@type":"ImageObject","inLanguage":"en-GB","@id":"https:\/\/www.meramont.pl\/pl_pl\/#\/schema\/logo\/image\/","url":"https:\/\/www.meramont.pl\/wp-content\/uploads\/2018\/07\/cropped-MeramontLogo.png","contentUrl":"https:\/\/www.meramont.pl\/wp-content\/uploads\/2018\/07\/cropped-MeramontLogo.png","width":200,"height":60,"caption":"Meramont S.A."},"image":{"@id":"https:\/\/www.meramont.pl\/pl_pl\/#\/schema\/logo\/image\/"},"sameAs":["https:\/\/www.linkedin.com\/company\/meramont"]}]}},"_links":{"self":[{"href":"https:\/\/www.meramont.pl\/en\/wp-json\/wp\/v2\/pages\/2084","targetHints":{"allow":["GET"]}}],"collection":[{"href":"https:\/\/www.meramont.pl\/en\/wp-json\/wp\/v2\/pages"}],"about":[{"href":"https:\/\/www.meramont.pl\/en\/wp-json\/wp\/v2\/types\/page"}],"author":[{"embeddable":true,"href":"https:\/\/www.meramont.pl\/en\/wp-json\/wp\/v2\/users\/1"}],"replies":[{"embeddable":true,"href":"https:\/\/www.meramont.pl\/en\/wp-json\/wp\/v2\/comments?post=2084"}],"version-history":[{"count":28,"href":"https:\/\/www.meramont.pl\/en\/wp-json\/wp\/v2\/pages\/2084\/revisions"}],"predecessor-version":[{"id":4733,"href":"https:\/\/www.meramont.pl\/en\/wp-json\/wp\/v2\/pages\/2084\/revisions\/4733"}],"up":[{"embeddable":true,"href":"https:\/\/www.meramont.pl\/en\/wp-json\/wp\/v2\/pages\/2502"}],"wp:attachment":[{"href":"https:\/\/www.meramont.pl\/en\/wp-json\/wp\/v2\/media?parent=2084"}],"curies":[{"name":"wp","href":"https:\/\/api.w.org\/{rel}","templated":true}]}}