{"id":2548,"date":"2019-12-11T23:19:30","date_gmt":"2019-12-11T23:19:30","guid":{"rendered":"https:\/\/www.meramont.eu\/?page_id=2548"},"modified":"2021-02-19T10:23:56","modified_gmt":"2021-02-19T10:23:56","slug":"branze","status":"publish","type":"page","link":"https:\/\/www.meramont.pl\/en\/branze\/","title":{"rendered":"Sectors"},"content":{"rendered":"<div data-elementor-type=\"wp-post\" data-elementor-id=\"2548\" class=\"elementor elementor-2548\" data-elementor-settings=\"[]\">\n\t\t\t\t\t\t<div class=\"elementor-inner\">\n\t\t\t\t\t\t\t<div class=\"elementor-section-wrap\">\n\t\t\t\t\t\t\t<section class=\"elementor-section elementor-top-section elementor-element elementor-element-c4a2bd3 elementor-section-height-min-height elementor-section-boxed elementor-section-height-default elementor-section-items-middle\" data-id=\"c4a2bd3\" data-element_type=\"section\" data-settings=\"{&quot;background_background&quot;:&quot;video&quot;,&quot;background_video_link&quot;:&quot;https:\\\/\\\/youtu.be\\\/4nboFiKiVRw&quot;,&quot;background_video_start&quot;:22,&quot;background_video_end&quot;:50}\">\n\t\t\t\t\t\t\t\t<div class=\"elementor-background-video-container elementor-hidden-phone\">\n\t\t\t\t\t\t\t\t\t\t\t\t\t<div class=\"elementor-background-video-embed\"><\/div>\n\t\t\t\t\t\t\t\t\t\t\t\t<\/div>\n\t\t\t\t\t\t\t\t\t<div class=\"elementor-background-overlay\"><\/div>\n\t\t\t\t\t\t\t<div class=\"elementor-container elementor-column-gap-default\">\n\t\t\t\t\t\t\t<div class=\"elementor-row\">\n\t\t\t\t\t<div class=\"elementor-column elementor-col-100 elementor-top-column elementor-element elementor-element-6e91aa0\" data-id=\"6e91aa0\" data-element_type=\"column\">\n\t\t\t<div class=\"elementor-column-wrap elementor-element-populated\">\n\t\t\t\t\t\t\t<div class=\"elementor-widget-wrap\">\n\t\t\t\t\t\t<div class=\"elementor-element elementor-element-7dc57c9 elementor-widget elementor-widget-heading\" data-id=\"7dc57c9\" data-element_type=\"widget\" data-widget_type=\"heading.default\">\n\t\t\t\t<div class=\"elementor-widget-container\">\n\t\t\t<h1 class=\"elementor-heading-title elementor-size-default elementor-heading-title elementor-size-default elementor-align-after-center elementor-align-after-mobile-center\">Industries Served <\/h1>\t\t<\/div>\n\t\t\t\t<\/div>\n\t\t\t\t<div class=\"elementor-element elementor-element-cf4c21d elementor-widget elementor-widget-heading\" data-id=\"cf4c21d\" data-element_type=\"widget\" data-widget_type=\"heading.default\">\n\t\t\t\t<div class=\"elementor-widget-container\">\n\t\t\t<h3 class=\"elementor-heading-title elementor-size-default elementor-heading-title elementor-size-default elementor-align-after-center elementor-align-after-mobile-center\">Meramont S.A. provides services for many industries. <\/br>Thanks to many years of experience and high competences, we guarantee the highest quality of workmanship<\/h3>\t\t<\/div>\n\t\t\t\t<\/div>\n\t\t\t\t\t\t<\/div>\n\t\t\t\t\t<\/div>\n\t\t<\/div>\n\t\t\t\t\t\t\t\t<\/div>\n\t\t\t\t\t<\/div>\n\t\t<\/section>\n\t\t\t\t<section class=\"elementor-section elementor-top-section elementor-element elementor-element-c7eaaa3 elementor-section-boxed elementor-section-height-default elementor-section-height-default\" data-id=\"c7eaaa3\" data-element_type=\"section\" id=\"services\">\n\t\t\t\t\t\t<div class=\"elementor-container elementor-column-gap-default\">\n\t\t\t\t\t\t\t<div class=\"elementor-row\">\n\t\t\t\t\t<div class=\"elementor-column elementor-col-33 elementor-top-column elementor-element elementor-element-09041af\" data-id=\"09041af\" data-element_type=\"column\">\n\t\t\t<div class=\"elementor-column-wrap elementor-element-populated\">\n\t\t\t\t\t\t\t<div class=\"elementor-widget-wrap\">\n\t\t\t\t\t\t<div class=\"elementor-element elementor-element-80c84a1 elementor-widget elementor-widget-sm-service-block-II\" data-id=\"80c84a1\" data-element_type=\"widget\" data-widget_type=\"sm-service-block-II.default\">\n\t\t\t\t<div class=\"elementor-widget-container\">\n\t\t\t\n\t<div class=\"man_woo_cat_item man_service_block_II man_woo_cat_item_centered\">\n  \t\t<a href=\"https:\/\/www.meramont.pl\/en\/branze\/automotive\/\" class=\"man_image_bck\" data-image=\"https:\/\/www.meramont.pl\/wp-content\/uploads\/2019\/12\/automotive_meramont.jpeg\">\n  \t\t\t<span class=\"man_woo_cat_item_over\"><\/span>\n\t\t\t\t\n\t\t\t\t<div class=\"man_woo_cat_item_cont\">\n\t\t\t\t\t<i class=\"man_icon\"><\/i>\n\t\t\t\t\t<h3 class=\"man_woo_cat_item_cont_name\">Automotive<\/h3>\n\t\t\t\t<\/div>\n\n\t\t\t\t<div class=\"man_woo_cat_item_cont man_woo_cat_item_cont_2\">\n\t\t\t\t\t<h3 class=\"man_woo_cat_item_cont_name\">Automotive<\/h3>\n\t\t\t\t\t<div class=\"man_woo_cat_item_cont_an\">\n\t\t\t\t\t\t<div><\/div>\t\n\t\t\t\t\t\t<span class=\"btn btn_transparent\">View<i class=\"ti ti-arrow-right\"><\/i><\/span>\n\t\t\t\t\t<\/div>\n\t\t\t\t<\/div>\n\n\n\n\n\t\t\t<\/a>\n  \t<\/div>   \n\n\n\t\t\t<\/div>\n\t\t\t\t<\/div>\n\t\t\t\t\t\t<\/div>\n\t\t\t\t\t<\/div>\n\t\t<\/div>\n\t\t\t\t<div class=\"elementor-column elementor-col-33 elementor-top-column elementor-element elementor-element-299c255\" data-id=\"299c255\" data-element_type=\"column\">\n\t\t\t<div class=\"elementor-column-wrap elementor-element-populated\">\n\t\t\t\t\t\t\t<div class=\"elementor-widget-wrap\">\n\t\t\t\t\t\t<div class=\"elementor-element elementor-element-93b8afa elementor-widget elementor-widget-sm-service-block-II\" data-id=\"93b8afa\" data-element_type=\"widget\" data-widget_type=\"sm-service-block-II.default\">\n\t\t\t\t<div class=\"elementor-widget-container\">\n\t\t\t\n\t<div class=\"man_woo_cat_item man_service_block_II man_woo_cat_item_centered\">\n  \t\t<a href=\"https:\/\/www.meramont.pl\/en\/branze\/kolejowa\/\" class=\"man_image_bck\" data-image=\"https:\/\/www.meramont.pl\/wp-content\/uploads\/2019\/11\/uslugi-metalowe-dla-przemyslu-kolejowego-meramont-wrzesnia.jpeg\">\n  \t\t\t<span class=\"man_woo_cat_item_over\"><\/span>\n\t\t\t\t\n\t\t\t\t<div class=\"man_woo_cat_item_cont\">\n\t\t\t\t\t<i class=\"man_icon\"><\/i>\n\t\t\t\t\t<h3 class=\"man_woo_cat_item_cont_name\">Rail industry<\/h3>\n\t\t\t\t<\/div>\n\n\t\t\t\t<div class=\"man_woo_cat_item_cont man_woo_cat_item_cont_2\">\n\t\t\t\t\t<h3 class=\"man_woo_cat_item_cont_name\">Rail industry<\/h3>\n\t\t\t\t\t<div class=\"man_woo_cat_item_cont_an\">\n\t\t\t\t\t\t<div><\/div>\t\n\t\t\t\t\t\t<span class=\"btn btn_transparent\">View<i class=\"ti ti-arrow-right\"><\/i><\/span>\n\t\t\t\t\t<\/div>\n\t\t\t\t<\/div>\n\n\n\n\n\t\t\t<\/a>\n  \t<\/div>   \n\n\n\t\t\t<\/div>\n\t\t\t\t<\/div>\n\t\t\t\t\t\t<\/div>\n\t\t\t\t\t<\/div>\n\t\t<\/div>\n\t\t\t\t<div class=\"elementor-column elementor-col-33 elementor-top-column elementor-element elementor-element-f7ac3ba\" data-id=\"f7ac3ba\" data-element_type=\"column\">\n\t\t\t<div class=\"elementor-column-wrap elementor-element-populated\">\n\t\t\t\t\t\t\t<div class=\"elementor-widget-wrap\">\n\t\t\t\t\t\t<div class=\"elementor-element elementor-element-9a89dc1 elementor-widget elementor-widget-sm-service-block-II\" data-id=\"9a89dc1\" data-element_type=\"widget\" data-widget_type=\"sm-service-block-II.default\">\n\t\t\t\t<div class=\"elementor-widget-container\">\n\t\t\t\n\t<div class=\"man_woo_cat_item man_service_block_II man_woo_cat_item_centered\">\n  \t\t<a href=\"https:\/\/www.meramont.pl\/en\/branze\/maszynowa\/\" class=\"man_image_bck\" data-image=\"https:\/\/www.meramont.pl\/wp-content\/uploads\/2019\/11\/1536x1536-374.jpg\">\n  \t\t\t<span class=\"man_woo_cat_item_over\"><\/span>\n\t\t\t\t\n\t\t\t\t<div class=\"man_woo_cat_item_cont\">\n\t\t\t\t\t<i class=\"man_icon\"><\/i>\n\t\t\t\t\t<h3 class=\"man_woo_cat_item_cont_name\">Machine industry<\/h3>\n\t\t\t\t<\/div>\n\n\t\t\t\t<div class=\"man_woo_cat_item_cont man_woo_cat_item_cont_2\">\n\t\t\t\t\t<h3 class=\"man_woo_cat_item_cont_name\">Machine industry<\/h3>\n\t\t\t\t\t<div class=\"man_woo_cat_item_cont_an\">\n\t\t\t\t\t\t<div><\/div>\t\n\t\t\t\t\t\t<span class=\"btn btn_transparent\">View<i class=\"ti ti-arrow-right\"><\/i><\/span>\n\t\t\t\t\t<\/div>\n\t\t\t\t<\/div>\n\n\n\n\n\t\t\t<\/a>\n  \t<\/div>   \n\n\n\t\t\t<\/div>\n\t\t\t\t<\/div>\n\t\t\t\t\t\t<\/div>\n\t\t\t\t\t<\/div>\n\t\t<\/div>\n\t\t\t\t\t\t\t\t<\/div>\n\t\t\t\t\t<\/div>\n\t\t<\/section>\n\t\t\t\t<section class=\"elementor-section elementor-top-section elementor-element elementor-element-8dd7026 elementor-section-boxed elementor-section-height-default elementor-section-height-default\" data-id=\"8dd7026\" data-element_type=\"section\">\n\t\t\t\t\t\t<div class=\"elementor-container elementor-column-gap-default\">\n\t\t\t\t\t\t\t<div class=\"elementor-row\">\n\t\t\t\t\t<div class=\"elementor-column elementor-col-50 elementor-top-column elementor-element elementor-element-e4711c9\" data-id=\"e4711c9\" data-element_type=\"column\">\n\t\t\t<div class=\"elementor-column-wrap elementor-element-populated\">\n\t\t\t\t\t\t\t<div class=\"elementor-widget-wrap\">\n\t\t\t\t\t\t<div class=\"elementor-element elementor-element-d4ae877 elementor-widget elementor-widget-sm-service-block-II\" data-id=\"d4ae877\" data-element_type=\"widget\" data-widget_type=\"sm-service-block-II.default\">\n\t\t\t\t<div class=\"elementor-widget-container\">\n\t\t\t\n\t<div class=\"man_woo_cat_item man_service_block_II man_woo_cat_item_centered\">\n  \t\t<a href=\"https:\/\/www.meramont.pl\/en\/branze\/stoczniowa\/\" class=\"man_image_bck\" data-image=\"https:\/\/www.meramont.pl\/wp-content\/uploads\/2019\/11\/stocznia-126.jpg\">\n  \t\t\t<span class=\"man_woo_cat_item_over\"><\/span>\n\t\t\t\t\n\t\t\t\t<div class=\"man_woo_cat_item_cont\">\n\t\t\t\t\t<i class=\"man_icon\"><\/i>\n\t\t\t\t\t<h3 class=\"man_woo_cat_item_cont_name\">Maritime industry<\/h3>\n\t\t\t\t<\/div>\n\n\t\t\t\t<div class=\"man_woo_cat_item_cont man_woo_cat_item_cont_2\">\n\t\t\t\t\t<h3 class=\"man_woo_cat_item_cont_name\">Maritime industry<\/h3>\n\t\t\t\t\t<div class=\"man_woo_cat_item_cont_an\">\n\t\t\t\t\t\t<div><\/div>\t\n\t\t\t\t\t\t<span class=\"btn btn_transparent\">View<i class=\"ti ti-arrow-right\"><\/i><\/span>\n\t\t\t\t\t<\/div>\n\t\t\t\t<\/div>\n\n\n\n\n\t\t\t<\/a>\n  \t<\/div>   \n\n\n\t\t\t<\/div>\n\t\t\t\t<\/div>\n\t\t\t\t\t\t<\/div>\n\t\t\t\t\t<\/div>\n\t\t<\/div>\n\t\t\t\t<div class=\"elementor-column elementor-col-50 elementor-top-column elementor-element elementor-element-1f80545\" data-id=\"1f80545\" data-element_type=\"column\">\n\t\t\t<div class=\"elementor-column-wrap elementor-element-populated\">\n\t\t\t\t\t\t\t<div class=\"elementor-widget-wrap\">\n\t\t\t\t\t\t<div class=\"elementor-element elementor-element-12486bb elementor-widget elementor-widget-sm-service-block-II\" data-id=\"12486bb\" data-element_type=\"widget\" data-widget_type=\"sm-service-block-II.default\">\n\t\t\t\t<div class=\"elementor-widget-container\">\n\t\t\t\n\t<div class=\"man_woo_cat_item man_service_block_II man_woo_cat_item_centered\">\n  \t\t<a href=\"https:\/\/www.meramont.pl\/en\/branze\/projekty\/\" class=\"man_image_bck\" data-image=\"https:\/\/www.meramont.pl\/wp-content\/uploads\/2019\/11\/projektyspecjalne1536-158.jpg\">\n  \t\t\t<span class=\"man_woo_cat_item_over\"><\/span>\n\t\t\t\t\n\t\t\t\t<div class=\"man_woo_cat_item_cont\">\n\t\t\t\t\t<i class=\"man_icon\"><\/i>\n\t\t\t\t\t<h3 class=\"man_woo_cat_item_cont_name\">Special projects<\/h3>\n\t\t\t\t<\/div>\n\n\t\t\t\t<div class=\"man_woo_cat_item_cont man_woo_cat_item_cont_2\">\n\t\t\t\t\t<h3 class=\"man_woo_cat_item_cont_name\">Special projects<\/h3>\n\t\t\t\t\t<div class=\"man_woo_cat_item_cont_an\">\n\t\t\t\t\t\t<div><\/div>\t\n\t\t\t\t\t\t<span class=\"btn btn_transparent\">View<i class=\"ti ti-arrow-right\"><\/i><\/span>\n\t\t\t\t\t<\/div>\n\t\t\t\t<\/div>\n\n\n\n\n\t\t\t<\/a>\n  \t<\/div>   \n\n\n\t\t\t<\/div>\n\t\t\t\t<\/div>\n\t\t\t\t\t\t<\/div>\n\t\t\t\t\t<\/div>\n\t\t<\/div>\n\t\t\t\t\t\t\t\t<\/div>\n\t\t\t\t\t<\/div>\n\t\t<\/section>\n\t\t\t\t<section class=\"elementor-section elementor-top-section elementor-element elementor-element-3bde22f elementor-section-boxed elementor-section-height-default elementor-section-height-default\" data-id=\"3bde22f\" data-element_type=\"section\">\n\t\t\t\t\t\t<div class=\"elementor-container elementor-column-gap-default\">\n\t\t\t\t\t\t\t<div class=\"elementor-row\">\n\t\t\t\t\t<div class=\"elementor-column elementor-col-100 elementor-top-column elementor-element elementor-element-08b6a70\" data-id=\"08b6a70\" data-element_type=\"column\">\n\t\t\t<div class=\"elementor-column-wrap\">\n\t\t\t\t\t\t\t<div class=\"elementor-widget-wrap\">\n\t\t\t\t\t\t\t\t<\/div>\n\t\t\t\t\t<\/div>\n\t\t<\/div>\n\t\t\t\t\t\t\t\t<\/div>\n\t\t\t\t\t<\/div>\n\t\t<\/section>\n\t\t\t\t\t\t<\/div>\n\t\t\t\t\t\t<\/div>\n\t\t\t\t\t<\/div>","protected":false},"excerpt":{"rendered":"<p>Obs\u0142ugiwane bran\u017ce Meramont S.A. \u015bwiadczy us\u0142ugi dla wielu bran\u017c. Dzi\u0119ki wieloletniemu do\u015bwiadczeniu oraz wysokim kompetencjom gwarantujemy najwy\u017csz\u0105 jako\u015b\u0107&#8230;<\/p>","protected":false},"author":1,"featured_media":0,"parent":0,"menu_order":0,"comment_status":"closed","ping_status":"closed","template":"elementor_canvas","meta":{"om_disable_all_campaigns":false,"_monsterinsights_skip_tracking":false,"_monsterinsights_sitenote_active":false,"_monsterinsights_sitenote_note":"","_monsterinsights_sitenote_category":0,"footnotes":""},"class_list":["post-2548","page","type-page","status-publish","hentry"],"yoast_head":"<!-- This site is optimized with the Yoast SEO plugin v24.9 - https:\/\/yoast.com\/wordpress\/plugins\/seo\/ -->\n<title>Obs\u0142ugiwane bran\u017ce | MERAMONT S.A.<\/title>\n<meta name=\"description\" content=\"Meramont S.A. \u015bwiadczy us\u0142ugi dla wielu bran\u017c. Dzi\u0119ki wieloletniemu do\u015bwiadczeniu oraz wysokim kompetencjom gwarantujemy najwy\u017csz\u0105 jako\u015b\u0107 wykonania\" \/>\n<meta name=\"robots\" content=\"index, follow, max-snippet:-1, max-image-preview:large, max-video-preview:-1\" \/>\n<link rel=\"canonical\" href=\"https:\/\/www.meramont.pl\/en\/branze\/\" \/>\n<meta property=\"og:locale\" content=\"en_GB\" \/>\n<meta property=\"og:type\" content=\"article\" \/>\n<meta property=\"og:title\" content=\"Obs\u0142ugiwane bran\u017ce | MERAMONT S.A.\" \/>\n<meta property=\"og:description\" content=\"Meramont S.A. \u015bwiadczy us\u0142ugi dla wielu bran\u017c. Dzi\u0119ki wieloletniemu do\u015bwiadczeniu oraz wysokim kompetencjom gwarantujemy najwy\u017csz\u0105 jako\u015b\u0107 wykonania\" \/>\n<meta property=\"og:url\" content=\"https:\/\/www.meramont.pl\/en\/branze\/\" \/>\n<meta property=\"og:site_name\" content=\"Meramont S.A.\" \/>\n<meta property=\"article:modified_time\" content=\"2021-02-19T10:23:56+00:00\" \/>\n<meta name=\"twitter:card\" content=\"summary_large_image\" \/>\n<script type=\"application\/ld+json\" class=\"yoast-schema-graph\">{\"@context\":\"https:\/\/schema.org\",\"@graph\":[{\"@type\":\"WebPage\",\"@id\":\"https:\/\/www.meramont.pl\/branze\/\",\"url\":\"https:\/\/www.meramont.pl\/branze\/\",\"name\":\"Obs\u0142ugiwane bran\u017ce | MERAMONT S.A.\",\"isPartOf\":{\"@id\":\"https:\/\/www.meramont.pl\/pl_pl\/#website\"},\"datePublished\":\"2019-12-11T23:19:30+00:00\",\"dateModified\":\"2021-02-19T10:23:56+00:00\",\"description\":\"Meramont S.A. \u015bwiadczy us\u0142ugi dla wielu bran\u017c. Dzi\u0119ki wieloletniemu do\u015bwiadczeniu oraz wysokim kompetencjom gwarantujemy najwy\u017csz\u0105 jako\u015b\u0107 wykonania\",\"breadcrumb\":{\"@id\":\"https:\/\/www.meramont.pl\/branze\/#breadcrumb\"},\"inLanguage\":\"en-GB\",\"potentialAction\":[{\"@type\":\"ReadAction\",\"target\":[\"https:\/\/www.meramont.pl\/branze\/\"]}]},{\"@type\":\"BreadcrumbList\",\"@id\":\"https:\/\/www.meramont.pl\/branze\/#breadcrumb\",\"itemListElement\":[{\"@type\":\"ListItem\",\"position\":1,\"name\":\"Strona g\u0142\u00f3wna\",\"item\":\"https:\/\/www.meramont.pl\/\"},{\"@type\":\"ListItem\",\"position\":2,\"name\":\"Bran\u017ce\"}]},{\"@type\":\"WebSite\",\"@id\":\"https:\/\/www.meramont.pl\/pl_pl\/#website\",\"url\":\"https:\/\/www.meramont.pl\/pl_pl\/\",\"name\":\"Meramont S.A.\",\"description\":\"Ponad 50 lat profesjonalnej obr\u00f3bki metali\",\"publisher\":{\"@id\":\"https:\/\/www.meramont.pl\/pl_pl\/#organization\"},\"potentialAction\":[{\"@type\":\"SearchAction\",\"target\":{\"@type\":\"EntryPoint\",\"urlTemplate\":\"https:\/\/www.meramont.pl\/pl_pl\/?s={search_term_string}\"},\"query-input\":{\"@type\":\"PropertyValueSpecification\",\"valueRequired\":true,\"valueName\":\"search_term_string\"}}],\"inLanguage\":\"en-GB\"},{\"@type\":\"Organization\",\"@id\":\"https:\/\/www.meramont.pl\/pl_pl\/#organization\",\"name\":\"Meramont S.A.\",\"url\":\"https:\/\/www.meramont.pl\/pl_pl\/\",\"logo\":{\"@type\":\"ImageObject\",\"inLanguage\":\"en-GB\",\"@id\":\"https:\/\/www.meramont.pl\/pl_pl\/#\/schema\/logo\/image\/\",\"url\":\"https:\/\/www.meramont.pl\/wp-content\/uploads\/2018\/07\/cropped-MeramontLogo.png\",\"contentUrl\":\"https:\/\/www.meramont.pl\/wp-content\/uploads\/2018\/07\/cropped-MeramontLogo.png\",\"width\":200,\"height\":60,\"caption\":\"Meramont S.A.\"},\"image\":{\"@id\":\"https:\/\/www.meramont.pl\/pl_pl\/#\/schema\/logo\/image\/\"},\"sameAs\":[\"https:\/\/www.linkedin.com\/company\/meramont\"]}]}<\/script>\n<!-- \/ Yoast SEO plugin. -->","yoast_head_json":{"title":"Obs\u0142ugiwane bran\u017ce | MERAMONT S.A.","description":"Meramont S.A. \u015bwiadczy us\u0142ugi dla wielu bran\u017c. Dzi\u0119ki wieloletniemu do\u015bwiadczeniu oraz wysokim kompetencjom gwarantujemy najwy\u017csz\u0105 jako\u015b\u0107 wykonania","robots":{"index":"index","follow":"follow","max-snippet":"max-snippet:-1","max-image-preview":"max-image-preview:large","max-video-preview":"max-video-preview:-1"},"canonical":"https:\/\/www.meramont.pl\/en\/branze\/","og_locale":"en_GB","og_type":"article","og_title":"Obs\u0142ugiwane bran\u017ce | MERAMONT S.A.","og_description":"Meramont S.A. \u015bwiadczy us\u0142ugi dla wielu bran\u017c. Dzi\u0119ki wieloletniemu do\u015bwiadczeniu oraz wysokim kompetencjom gwarantujemy najwy\u017csz\u0105 jako\u015b\u0107 wykonania","og_url":"https:\/\/www.meramont.pl\/en\/branze\/","og_site_name":"Meramont S.A.","article_modified_time":"2021-02-19T10:23:56+00:00","twitter_card":"summary_large_image","schema":{"@context":"https:\/\/schema.org","@graph":[{"@type":"WebPage","@id":"https:\/\/www.meramont.pl\/branze\/","url":"https:\/\/www.meramont.pl\/branze\/","name":"Obs\u0142ugiwane bran\u017ce | MERAMONT S.A.","isPartOf":{"@id":"https:\/\/www.meramont.pl\/pl_pl\/#website"},"datePublished":"2019-12-11T23:19:30+00:00","dateModified":"2021-02-19T10:23:56+00:00","description":"Meramont S.A. \u015bwiadczy us\u0142ugi dla wielu bran\u017c. Dzi\u0119ki wieloletniemu do\u015bwiadczeniu oraz wysokim kompetencjom gwarantujemy najwy\u017csz\u0105 jako\u015b\u0107 wykonania","breadcrumb":{"@id":"https:\/\/www.meramont.pl\/branze\/#breadcrumb"},"inLanguage":"en-GB","potentialAction":[{"@type":"ReadAction","target":["https:\/\/www.meramont.pl\/branze\/"]}]},{"@type":"BreadcrumbList","@id":"https:\/\/www.meramont.pl\/branze\/#breadcrumb","itemListElement":[{"@type":"ListItem","position":1,"name":"Strona g\u0142\u00f3wna","item":"https:\/\/www.meramont.pl\/"},{"@type":"ListItem","position":2,"name":"Bran\u017ce"}]},{"@type":"WebSite","@id":"https:\/\/www.meramont.pl\/pl_pl\/#website","url":"https:\/\/www.meramont.pl\/pl_pl\/","name":"Meramont S.A.","description":"Ponad 50 lat profesjonalnej obr\u00f3bki metali","publisher":{"@id":"https:\/\/www.meramont.pl\/pl_pl\/#organization"},"potentialAction":[{"@type":"SearchAction","target":{"@type":"EntryPoint","urlTemplate":"https:\/\/www.meramont.pl\/pl_pl\/?s={search_term_string}"},"query-input":{"@type":"PropertyValueSpecification","valueRequired":true,"valueName":"search_term_string"}}],"inLanguage":"en-GB"},{"@type":"Organization","@id":"https:\/\/www.meramont.pl\/pl_pl\/#organization","name":"Meramont S.A.","url":"https:\/\/www.meramont.pl\/pl_pl\/","logo":{"@type":"ImageObject","inLanguage":"en-GB","@id":"https:\/\/www.meramont.pl\/pl_pl\/#\/schema\/logo\/image\/","url":"https:\/\/www.meramont.pl\/wp-content\/uploads\/2018\/07\/cropped-MeramontLogo.png","contentUrl":"https:\/\/www.meramont.pl\/wp-content\/uploads\/2018\/07\/cropped-MeramontLogo.png","width":200,"height":60,"caption":"Meramont S.A."},"image":{"@id":"https:\/\/www.meramont.pl\/pl_pl\/#\/schema\/logo\/image\/"},"sameAs":["https:\/\/www.linkedin.com\/company\/meramont"]}]}},"_links":{"self":[{"href":"https:\/\/www.meramont.pl\/en\/wp-json\/wp\/v2\/pages\/2548","targetHints":{"allow":["GET"]}}],"collection":[{"href":"https:\/\/www.meramont.pl\/en\/wp-json\/wp\/v2\/pages"}],"about":[{"href":"https:\/\/www.meramont.pl\/en\/wp-json\/wp\/v2\/types\/page"}],"author":[{"embeddable":true,"href":"https:\/\/www.meramont.pl\/en\/wp-json\/wp\/v2\/users\/1"}],"replies":[{"embeddable":true,"href":"https:\/\/www.meramont.pl\/en\/wp-json\/wp\/v2\/comments?post=2548"}],"version-history":[{"count":17,"href":"https:\/\/www.meramont.pl\/en\/wp-json\/wp\/v2\/pages\/2548\/revisions"}],"predecessor-version":[{"id":4637,"href":"https:\/\/www.meramont.pl\/en\/wp-json\/wp\/v2\/pages\/2548\/revisions\/4637"}],"wp:attachment":[{"href":"https:\/\/www.meramont.pl\/en\/wp-json\/wp\/v2\/media?parent=2548"}],"curies":[{"name":"wp","href":"https:\/\/api.w.org\/{rel}","templated":true}]}}