{"id":4492,"date":"2021-01-11T22:34:48","date_gmt":"2021-01-11T22:34:48","guid":{"rendered":"https:\/\/www.meramont.pl\/?page_id=4492"},"modified":"2021-02-19T10:21:48","modified_gmt":"2021-02-19T10:21:48","slug":"warunki-zakupow-i-sprzedazy","status":"publish","type":"page","link":"https:\/\/www.meramont.pl\/en\/o-firmie\/warunki-zakupow-i-sprzedazy\/","title":{"rendered":"Purchase and sale conditions"},"content":{"rendered":"<div data-elementor-type=\"wp-post\" data-elementor-id=\"4492\" class=\"elementor elementor-4492\" data-elementor-settings=\"[]\">\n\t\t\t\t\t\t<div class=\"elementor-inner\">\n\t\t\t\t\t\t\t<div class=\"elementor-section-wrap\">\n\t\t\t\t\t\t\t<section class=\"elementor-section elementor-top-section elementor-element elementor-element-c4a2bd3 elementor-section-height-min-height elementor-section-boxed elementor-section-height-default elementor-section-items-middle\" data-id=\"c4a2bd3\" data-element_type=\"section\" data-settings=\"{&quot;background_background&quot;:&quot;slideshow&quot;,&quot;background_slideshow_gallery&quot;:[{&quot;id&quot;:3523,&quot;url&quot;:&quot;https:\\\/\\\/www.meramont.pl\\\/wp-content\\\/uploads\\\/2019\\\/11\\\/2500x1250-213.jpg&quot;},{&quot;id&quot;:3527,&quot;url&quot;:&quot;https:\\\/\\\/www.meramont.pl\\\/wp-content\\\/uploads\\\/2019\\\/11\\\/2500x1250-217.jpg&quot;},{&quot;id&quot;:3967,&quot;url&quot;:&quot;https:\\\/\\\/www.meramont.pl\\\/wp-content\\\/uploads\\\/2019\\\/12\\\/laser2d2500-521.jpeg&quot;}],&quot;background_slideshow_loop&quot;:&quot;yes&quot;,&quot;background_slideshow_slide_duration&quot;:5000,&quot;background_slideshow_slide_transition&quot;:&quot;fade&quot;,&quot;background_slideshow_transition_duration&quot;:500}\">\n\t\t\t\t\t\t\t<div class=\"elementor-background-overlay\"><\/div>\n\t\t\t\t\t\t\t<div class=\"elementor-container elementor-column-gap-default\">\n\t\t\t\t\t\t\t<div class=\"elementor-row\">\n\t\t\t\t\t<div class=\"elementor-column elementor-col-100 elementor-top-column elementor-element elementor-element-6e91aa0\" data-id=\"6e91aa0\" data-element_type=\"column\">\n\t\t\t<div class=\"elementor-column-wrap elementor-element-populated\">\n\t\t\t\t\t\t\t<div class=\"elementor-widget-wrap\">\n\t\t\t\t\t\t<div class=\"elementor-element elementor-element-7dc57c9 elementor-widget elementor-widget-heading\" data-id=\"7dc57c9\" data-element_type=\"widget\" data-widget_type=\"heading.default\">\n\t\t\t\t<div class=\"elementor-widget-container\">\n\t\t\t<h1 class=\"elementor-heading-title elementor-size-default elementor-heading-title elementor-size-default elementor-align-after-center elementor-align-after-mobile-center\">Og\u00f3lne warunki<br \/>zakup\u00f3w i sprzeda\u017cy<\/h1>\t\t<\/div>\n\t\t\t\t<\/div>\n\t\t\t\t\t\t<\/div>\n\t\t\t\t\t<\/div>\n\t\t<\/div>\n\t\t\t\t\t\t\t\t<\/div>\n\t\t\t\t\t<\/div>\n\t\t<\/section>\n\t\t\t\t<section class=\"elementor-section elementor-top-section elementor-element elementor-element-472d33a elementor-section-boxed elementor-section-height-default elementor-section-height-default\" data-id=\"472d33a\" data-element_type=\"section\" data-settings=\"{&quot;background_background&quot;:&quot;classic&quot;}\">\n\t\t\t\t\t\t<div class=\"elementor-container elementor-column-gap-default\">\n\t\t\t\t\t\t\t<div class=\"elementor-row\">\n\t\t\t\t\t<div class=\"elementor-column elementor-col-100 elementor-top-column elementor-element elementor-element-d7164ed\" data-id=\"d7164ed\" data-element_type=\"column\">\n\t\t\t<div class=\"elementor-column-wrap elementor-element-populated\">\n\t\t\t\t\t\t\t<div class=\"elementor-widget-wrap\">\n\t\t\t\t\t\t<div class=\"elementor-element elementor-element-2195ef4 elementor-widget elementor-widget-text-editor\" data-id=\"2195ef4\" data-element_type=\"widget\" data-widget_type=\"text-editor.default\">\n\t\t\t\t<div class=\"elementor-widget-container\">\n\t\t\t\t\t\t\t\t<div class=\"elementor-text-editor elementor-clearfix\">\n\t\t\t\t<ul><li><span style=\"text-decoration: underline;\"><a href=\"https:\/\/www.meramont.pl\/wp-content\/uploads\/2021\/01\/2021-01-04_MERAMONT_OWZ.pdf\" target=\"_blank\" rel=\"noopener\">Og\u00f3lne warunki zakup\u00f3w<\/a><\/span><\/li><li><a href=\"https:\/\/www.meramont.pl\/wp-content\/uploads\/2021\/01\/2021-01-04_MERAMONT_OWS.pdf\" target=\"_blank\" rel=\"noopener\"><span style=\"text-decoration: underline;\">Og\u00f3lne warunki sprzeda\u017cy<\/span><\/a><\/li><\/ul>\t\t\t\t\t<\/div>\n\t\t\t\t\t\t<\/div>\n\t\t\t\t<\/div>\n\t\t\t\t<div class=\"elementor-element elementor-element-29e3e5c elementor-widget elementor-widget-text-editor\" data-id=\"29e3e5c\" data-element_type=\"widget\" data-widget_type=\"text-editor.default\">\n\t\t\t\t<div class=\"elementor-widget-container\">\n\t\t\t\t\t\t\t\t<div class=\"elementor-text-editor elementor-clearfix\">\n\t\t\t\t\t\t\t\t\t<\/div>\n\t\t\t\t\t\t<\/div>\n\t\t\t\t<\/div>\n\t\t\t\t\t\t<\/div>\n\t\t\t\t\t<\/div>\n\t\t<\/div>\n\t\t\t\t\t\t\t\t<\/div>\n\t\t\t\t\t<\/div>\n\t\t<\/section>\n\t\t\t\t\t\t<\/div>\n\t\t\t\t\t\t<\/div>\n\t\t\t\t\t<\/div>","protected":false},"excerpt":{"rendered":"<p>Og\u00f3lne warunkizakup\u00f3w i sprzeda\u017cy Og\u00f3lne warunki zakup\u00f3w Og\u00f3lne warunki sprzeda\u017cy<\/p>","protected":false},"author":6,"featured_media":0,"parent":2502,"menu_order":0,"comment_status":"closed","ping_status":"closed","template":"elementor_canvas","meta":{"om_disable_all_campaigns":false,"_monsterinsights_skip_tracking":false,"_monsterinsights_sitenote_active":false,"_monsterinsights_sitenote_note":"","_monsterinsights_sitenote_category":0,"footnotes":""},"class_list":["post-4492","page","type-page","status-publish","hentry"],"yoast_head":"<!-- This site is optimized with the Yoast SEO plugin v24.9 - https:\/\/yoast.com\/wordpress\/plugins\/seo\/ -->\n<title>Og\u00f3lne warunki zakup\u00f3w i sprzeda\u017cy | MERAMONT S.A.<\/title>\n<meta name=\"robots\" content=\"index, follow, max-snippet:-1, max-image-preview:large, max-video-preview:-1\" \/>\n<link rel=\"canonical\" href=\"https:\/\/www.meramont.pl\/en\/o-firmie\/warunki-zakupow-i-sprzedazy\/\" \/>\n<meta property=\"og:locale\" content=\"en_GB\" \/>\n<meta property=\"og:type\" content=\"article\" \/>\n<meta property=\"og:title\" content=\"Og\u00f3lne warunki zakup\u00f3w i sprzeda\u017cy | MERAMONT S.A.\" \/>\n<meta property=\"og:description\" content=\"Og\u00f3lne warunkizakup\u00f3w i sprzeda\u017cy Og\u00f3lne warunki zakup\u00f3w Og\u00f3lne warunki sprzeda\u017cy\" \/>\n<meta property=\"og:url\" content=\"https:\/\/www.meramont.pl\/en\/o-firmie\/warunki-zakupow-i-sprzedazy\/\" \/>\n<meta property=\"og:site_name\" content=\"Meramont S.A.\" \/>\n<meta property=\"article:modified_time\" content=\"2021-02-19T10:21:48+00:00\" \/>\n<meta name=\"twitter:card\" content=\"summary_large_image\" \/>\n<meta name=\"twitter:label1\" content=\"Estimated reading time\" \/>\n\t<meta name=\"twitter:data1\" content=\"1 minute\" \/>\n<script type=\"application\/ld+json\" class=\"yoast-schema-graph\">{\"@context\":\"https:\/\/schema.org\",\"@graph\":[{\"@type\":\"WebPage\",\"@id\":\"https:\/\/www.meramont.pl\/o-firmie\/warunki-zakupow-i-sprzedazy\/\",\"url\":\"https:\/\/www.meramont.pl\/o-firmie\/warunki-zakupow-i-sprzedazy\/\",\"name\":\"Og\u00f3lne warunki zakup\u00f3w i sprzeda\u017cy | MERAMONT S.A.\",\"isPartOf\":{\"@id\":\"https:\/\/www.meramont.pl\/pl_pl\/#website\"},\"datePublished\":\"2021-01-11T22:34:48+00:00\",\"dateModified\":\"2021-02-19T10:21:48+00:00\",\"breadcrumb\":{\"@id\":\"https:\/\/www.meramont.pl\/o-firmie\/warunki-zakupow-i-sprzedazy\/#breadcrumb\"},\"inLanguage\":\"en-GB\",\"potentialAction\":[{\"@type\":\"ReadAction\",\"target\":[\"https:\/\/www.meramont.pl\/o-firmie\/warunki-zakupow-i-sprzedazy\/\"]}]},{\"@type\":\"BreadcrumbList\",\"@id\":\"https:\/\/www.meramont.pl\/o-firmie\/warunki-zakupow-i-sprzedazy\/#breadcrumb\",\"itemListElement\":[{\"@type\":\"ListItem\",\"position\":1,\"name\":\"Strona g\u0142\u00f3wna\",\"item\":\"https:\/\/www.meramont.pl\/\"},{\"@type\":\"ListItem\",\"position\":2,\"name\":\"O Firmie\",\"item\":\"https:\/\/www.meramont.pl\/o-firmie\/\"},{\"@type\":\"ListItem\",\"position\":3,\"name\":\"Warunki zakup\u00f3w i sprzeda\u017cy\"}]},{\"@type\":\"WebSite\",\"@id\":\"https:\/\/www.meramont.pl\/pl_pl\/#website\",\"url\":\"https:\/\/www.meramont.pl\/pl_pl\/\",\"name\":\"Meramont S.A.\",\"description\":\"Ponad 50 lat profesjonalnej obr\u00f3bki metali\",\"publisher\":{\"@id\":\"https:\/\/www.meramont.pl\/pl_pl\/#organization\"},\"potentialAction\":[{\"@type\":\"SearchAction\",\"target\":{\"@type\":\"EntryPoint\",\"urlTemplate\":\"https:\/\/www.meramont.pl\/pl_pl\/?s={search_term_string}\"},\"query-input\":{\"@type\":\"PropertyValueSpecification\",\"valueRequired\":true,\"valueName\":\"search_term_string\"}}],\"inLanguage\":\"en-GB\"},{\"@type\":\"Organization\",\"@id\":\"https:\/\/www.meramont.pl\/pl_pl\/#organization\",\"name\":\"Meramont S.A.\",\"url\":\"https:\/\/www.meramont.pl\/pl_pl\/\",\"logo\":{\"@type\":\"ImageObject\",\"inLanguage\":\"en-GB\",\"@id\":\"https:\/\/www.meramont.pl\/pl_pl\/#\/schema\/logo\/image\/\",\"url\":\"https:\/\/www.meramont.pl\/wp-content\/uploads\/2018\/07\/cropped-MeramontLogo.png\",\"contentUrl\":\"https:\/\/www.meramont.pl\/wp-content\/uploads\/2018\/07\/cropped-MeramontLogo.png\",\"width\":200,\"height\":60,\"caption\":\"Meramont S.A.\"},\"image\":{\"@id\":\"https:\/\/www.meramont.pl\/pl_pl\/#\/schema\/logo\/image\/\"},\"sameAs\":[\"https:\/\/www.linkedin.com\/company\/meramont\"]}]}<\/script>\n<!-- \/ Yoast SEO plugin. -->","yoast_head_json":{"title":"Og\u00f3lne warunki zakup\u00f3w i sprzeda\u017cy | MERAMONT S.A.","robots":{"index":"index","follow":"follow","max-snippet":"max-snippet:-1","max-image-preview":"max-image-preview:large","max-video-preview":"max-video-preview:-1"},"canonical":"https:\/\/www.meramont.pl\/en\/o-firmie\/warunki-zakupow-i-sprzedazy\/","og_locale":"en_GB","og_type":"article","og_title":"Og\u00f3lne warunki zakup\u00f3w i sprzeda\u017cy | MERAMONT S.A.","og_description":"Og\u00f3lne warunkizakup\u00f3w i sprzeda\u017cy Og\u00f3lne warunki zakup\u00f3w Og\u00f3lne warunki sprzeda\u017cy","og_url":"https:\/\/www.meramont.pl\/en\/o-firmie\/warunki-zakupow-i-sprzedazy\/","og_site_name":"Meramont S.A.","article_modified_time":"2021-02-19T10:21:48+00:00","twitter_card":"summary_large_image","twitter_misc":{"Estimated reading time":"1 minute"},"schema":{"@context":"https:\/\/schema.org","@graph":[{"@type":"WebPage","@id":"https:\/\/www.meramont.pl\/o-firmie\/warunki-zakupow-i-sprzedazy\/","url":"https:\/\/www.meramont.pl\/o-firmie\/warunki-zakupow-i-sprzedazy\/","name":"Og\u00f3lne warunki zakup\u00f3w i sprzeda\u017cy | MERAMONT S.A.","isPartOf":{"@id":"https:\/\/www.meramont.pl\/pl_pl\/#website"},"datePublished":"2021-01-11T22:34:48+00:00","dateModified":"2021-02-19T10:21:48+00:00","breadcrumb":{"@id":"https:\/\/www.meramont.pl\/o-firmie\/warunki-zakupow-i-sprzedazy\/#breadcrumb"},"inLanguage":"en-GB","potentialAction":[{"@type":"ReadAction","target":["https:\/\/www.meramont.pl\/o-firmie\/warunki-zakupow-i-sprzedazy\/"]}]},{"@type":"BreadcrumbList","@id":"https:\/\/www.meramont.pl\/o-firmie\/warunki-zakupow-i-sprzedazy\/#breadcrumb","itemListElement":[{"@type":"ListItem","position":1,"name":"Strona g\u0142\u00f3wna","item":"https:\/\/www.meramont.pl\/"},{"@type":"ListItem","position":2,"name":"O Firmie","item":"https:\/\/www.meramont.pl\/o-firmie\/"},{"@type":"ListItem","position":3,"name":"Warunki zakup\u00f3w i sprzeda\u017cy"}]},{"@type":"WebSite","@id":"https:\/\/www.meramont.pl\/pl_pl\/#website","url":"https:\/\/www.meramont.pl\/pl_pl\/","name":"Meramont S.A.","description":"Ponad 50 lat profesjonalnej obr\u00f3bki metali","publisher":{"@id":"https:\/\/www.meramont.pl\/pl_pl\/#organization"},"potentialAction":[{"@type":"SearchAction","target":{"@type":"EntryPoint","urlTemplate":"https:\/\/www.meramont.pl\/pl_pl\/?s={search_term_string}"},"query-input":{"@type":"PropertyValueSpecification","valueRequired":true,"valueName":"search_term_string"}}],"inLanguage":"en-GB"},{"@type":"Organization","@id":"https:\/\/www.meramont.pl\/pl_pl\/#organization","name":"Meramont S.A.","url":"https:\/\/www.meramont.pl\/pl_pl\/","logo":{"@type":"ImageObject","inLanguage":"en-GB","@id":"https:\/\/www.meramont.pl\/pl_pl\/#\/schema\/logo\/image\/","url":"https:\/\/www.meramont.pl\/wp-content\/uploads\/2018\/07\/cropped-MeramontLogo.png","contentUrl":"https:\/\/www.meramont.pl\/wp-content\/uploads\/2018\/07\/cropped-MeramontLogo.png","width":200,"height":60,"caption":"Meramont S.A."},"image":{"@id":"https:\/\/www.meramont.pl\/pl_pl\/#\/schema\/logo\/image\/"},"sameAs":["https:\/\/www.linkedin.com\/company\/meramont"]}]}},"_links":{"self":[{"href":"https:\/\/www.meramont.pl\/en\/wp-json\/wp\/v2\/pages\/4492","targetHints":{"allow":["GET"]}}],"collection":[{"href":"https:\/\/www.meramont.pl\/en\/wp-json\/wp\/v2\/pages"}],"about":[{"href":"https:\/\/www.meramont.pl\/en\/wp-json\/wp\/v2\/types\/page"}],"author":[{"embeddable":true,"href":"https:\/\/www.meramont.pl\/en\/wp-json\/wp\/v2\/users\/6"}],"replies":[{"embeddable":true,"href":"https:\/\/www.meramont.pl\/en\/wp-json\/wp\/v2\/comments?post=4492"}],"version-history":[{"count":11,"href":"https:\/\/www.meramont.pl\/en\/wp-json\/wp\/v2\/pages\/4492\/revisions"}],"predecessor-version":[{"id":4628,"href":"https:\/\/www.meramont.pl\/en\/wp-json\/wp\/v2\/pages\/4492\/revisions\/4628"}],"up":[{"embeddable":true,"href":"https:\/\/www.meramont.pl\/en\/wp-json\/wp\/v2\/pages\/2502"}],"wp:attachment":[{"href":"https:\/\/www.meramont.pl\/en\/wp-json\/wp\/v2\/media?parent=4492"}],"curies":[{"name":"wp","href":"https:\/\/api.w.org\/{rel}","templated":true}]}}