{"id":2515,"date":"2019-11-07T23:17:17","date_gmt":"2019-11-07T23:17:17","guid":{"rendered":"https:\/\/www.meramont.eu\/?page_id=2515"},"modified":"2024-03-11T07:41:01","modified_gmt":"2024-03-11T07:41:01","slug":"klauzula-informacyjna","status":"publish","type":"page","link":"https:\/\/www.meramont.pl\/pl_pl\/o-firmie\/klauzula-informacyjna\/","title":{"rendered":"Klauzula Informacyjna"},"content":{"rendered":"\t\t<div data-elementor-type=\"wp-post\" data-elementor-id=\"2515\" class=\"elementor elementor-2515\" data-elementor-settings=\"[]\">\n\t\t\t\t\t\t<div class=\"elementor-inner\">\n\t\t\t\t\t\t\t<div class=\"elementor-section-wrap\">\n\t\t\t\t\t\t\t<section class=\"elementor-section elementor-top-section elementor-element elementor-element-c4a2bd3 elementor-section-height-min-height elementor-section-boxed elementor-section-height-default elementor-section-items-middle\" data-id=\"c4a2bd3\" data-element_type=\"section\" data-settings=\"{&quot;background_background&quot;:&quot;slideshow&quot;,&quot;background_slideshow_gallery&quot;:[{&quot;id&quot;:2368,&quot;url&quot;:&quot;https:\\\/\\\/www.meramont.pl\\\/wp-content\\\/uploads\\\/2019\\\/11\\\/giecie3.jpg&quot;}],&quot;background_slideshow_loop&quot;:&quot;yes&quot;,&quot;background_slideshow_slide_duration&quot;:5000,&quot;background_slideshow_slide_transition&quot;:&quot;fade&quot;,&quot;background_slideshow_transition_duration&quot;:500}\">\n\t\t\t\t\t\t\t<div class=\"elementor-background-overlay\"><\/div>\n\t\t\t\t\t\t\t<div class=\"elementor-container elementor-column-gap-default\">\n\t\t\t\t\t\t\t<div class=\"elementor-row\">\n\t\t\t\t\t<div class=\"elementor-column elementor-col-100 elementor-top-column elementor-element elementor-element-6e91aa0\" data-id=\"6e91aa0\" data-element_type=\"column\">\n\t\t\t<div class=\"elementor-column-wrap elementor-element-populated\">\n\t\t\t\t\t\t\t<div class=\"elementor-widget-wrap\">\n\t\t\t\t\t\t<div class=\"elementor-element elementor-element-7dc57c9 elementor-widget elementor-widget-heading\" data-id=\"7dc57c9\" data-element_type=\"widget\" data-widget_type=\"heading.default\">\n\t\t\t\t<div class=\"elementor-widget-container\">\n\t\t\t<h1 class=\"elementor-heading-title elementor-size-default elementor-heading-title elementor-size-default elementor-align-after-center elementor-align-after-mobile-center\"><a href=\"\/o-firmie\/klauzula-informacyjna\/\">Klauzula Informacyjna <\/a><\/h1>\t\t<\/div>\n\t\t\t\t<\/div>\n\t\t\t\t<div class=\"elementor-element elementor-element-cf4c21d elementor-widget elementor-widget-heading\" data-id=\"cf4c21d\" data-element_type=\"widget\" data-widget_type=\"heading.default\">\n\t\t\t\t<div class=\"elementor-widget-container\">\n\t\t\t<h2 class=\"elementor-heading-title elementor-size-default elementor-heading-title elementor-size-default elementor-align-after-center elementor-align-after-mobile-center\">Poni\u017csze klauzule informuj\u0105 o tym w jakim celu i na jakiej podstawie Pani\/Pana dane osobowe s\u0105 przetwarzane, kto jest ich administratorem, jakim podmiotom mog\u0105 zosta\u0107 udost\u0119pnione oraz o prawach przys\u0142uguj\u0105cych osobom, kt\u00f3rych dane dotycz\u0105.<\/h2>\t\t<\/div>\n\t\t\t\t<\/div>\n\t\t\t\t\t\t<\/div>\n\t\t\t\t\t<\/div>\n\t\t<\/div>\n\t\t\t\t\t\t\t\t<\/div>\n\t\t\t\t\t<\/div>\n\t\t<\/section>\n\t\t\t\t<section class=\"elementor-section elementor-top-section elementor-element elementor-element-472d33a elementor-section-boxed elementor-section-height-default elementor-section-height-default\" data-id=\"472d33a\" data-element_type=\"section\" data-settings=\"{&quot;background_background&quot;:&quot;classic&quot;}\">\n\t\t\t\t\t\t<div class=\"elementor-container elementor-column-gap-default\">\n\t\t\t\t\t\t\t<div class=\"elementor-row\">\n\t\t\t\t\t<div class=\"elementor-column elementor-col-100 elementor-top-column elementor-element elementor-element-d7164ed\" data-id=\"d7164ed\" data-element_type=\"column\">\n\t\t\t<div class=\"elementor-column-wrap elementor-element-populated\">\n\t\t\t\t\t\t\t<div class=\"elementor-widget-wrap\">\n\t\t\t\t\t\t<div class=\"elementor-element elementor-element-29e3e5c elementor-widget elementor-widget-text-editor\" data-id=\"29e3e5c\" data-element_type=\"widget\" data-widget_type=\"text-editor.default\">\n\t\t\t\t<div class=\"elementor-widget-container\">\n\t\t\t\t\t\t\t\t<div class=\"elementor-text-editor elementor-clearfix\">\n\t\t\t\t<p><a href=\"https:\/\/www.meramont.pl\/wp-content\/uploads\/2024\/03\/Klauzula-informacyjna-wizerunek.pdf\" target=\"_blank\" rel=\"noopener\"><span style=\"color: dodgerblue; text-indent: 20px;\">Klauzula informacyjna-wizerunek<\/span><\/a><\/p><p><a href=\"https:\/\/www.meramont.pl\/wp-content\/uploads\/2024\/03\/Klauzula-informacyjna-Klienci.pdf\" target=\"_blank\" rel=\"noopener\"><span style=\"color: dodgerblue;\"> Klauzula informacyjna-Klienci<\/span><\/a><\/p><p><a href=\"https:\/\/www.meramont.pl\/wp-content\/uploads\/2024\/03\/Klauzula-informacyjna-rekrutacja.pdf\" target=\"_blank\" rel=\"noopener\"><span style=\"color: dodgerblue;\"> Klauzula informacyjna-rekrutacja<\/span><\/a><\/p><p><a href=\"https:\/\/www.meramont.pl\/wp-content\/uploads\/2024\/03\/Klauzula-informacyjna-pracownik.pdf\" target=\"_blank\" rel=\"noopener\"><span style=\"color: dodgerblue;\"> Klauzula informacyjna-pracownik<\/span><\/a><\/p><p><a href=\"https:\/\/www.meramont.pl\/wp-content\/uploads\/2024\/03\/Klauzula-informacyjna-stazysci-i-praktykanci.pdf\" target=\"_blank\" rel=\"noopener\"><span style=\"color: dodgerblue;\"> Klauzula informacyjna-sta\u017cy\u015bci i praktykanci<\/span><\/a><\/p><p><a href=\"https:\/\/www.meramont.pl\/wp-content\/uploads\/2024\/03\/Klauzula-informacyjna-PPK.pdf\" target=\"_blank\" rel=\"noopener\"><span style=\"color: dodgerblue;\"> Klauzula informacyjna-PPK<\/span><\/a><\/p><p><a href=\"https:\/\/www.meramont.pl\/wp-content\/uploads\/2024\/03\/Klauzula-informacyjna-umowy-cywilnoprawne.pdf\" target=\"_blank\" rel=\"noopener\"><span style=\"color: dodgerblue;\"> Klauzula informacyjna-umowy cywilnoprawne<\/span><\/a><\/p><p><a href=\"https:\/\/www.meramont.pl\/wp-content\/uploads\/2024\/03\/Klauzula-informacyjna-akcjonariusze.pdf\" target=\"_blank\" rel=\"noopener\"><span style=\"color: dodgerblue;\"> Klauzula informacyjna-akcjonariusze<\/span><\/a><\/p><p><a href=\"https:\/\/www.meramont.pl\/wp-content\/uploads\/2024\/03\/Klauzula-informacyjna-dywidenda.pdf\" target=\"_blank\" rel=\"noopener\"><span style=\"color: dodgerblue;\"> Klauzula informacyjna-dywidenda<\/span><\/a><\/p><p><a href=\"https:\/\/www.meramont.pl\/wp-content\/uploads\/2024\/03\/Klauzula-informacyjna-Facebook.pdf\" target=\"_blank\" rel=\"noopener\"><span style=\"color: dodgerblue;\"> Klauzula informacyjna-Facebook<\/span><\/a><\/p><p><a href=\"https:\/\/www.meramont.pl\/wp-content\/uploads\/2024\/03\/Klauzula-informacyjna-ewidencionowania-WEJSC-I-WYJSC.pdf\" target=\"_blank\" rel=\"noopener\"><span style=\"color: dodgerblue;\"> Klauzula informacyjna-ewidencionowania WEJ\u015a\u0106 I WYJ\u015a\u0106<\/span><\/a><\/p>\t\t\t\t\t<\/div>\n\t\t\t\t\t\t<\/div>\n\t\t\t\t<\/div>\n\t\t\t\t\t\t<\/div>\n\t\t\t\t\t<\/div>\n\t\t<\/div>\n\t\t\t\t\t\t\t\t<\/div>\n\t\t\t\t\t<\/div>\n\t\t<\/section>\n\t\t\t\t\t\t<\/div>\n\t\t\t\t\t\t<\/div>\n\t\t\t\t\t<\/div>\n\t\t","protected":false},"excerpt":{"rendered":"<p>Klauzula Informacyjna Poni\u017csze klauzule informuj\u0105 o tym w jakim celu i na jakiej podstawie Pani\/Pana dane osobowe s\u0105&#8230;<\/p>\n","protected":false},"author":1,"featured_media":0,"parent":2502,"menu_order":0,"comment_status":"closed","ping_status":"closed","template":"elementor_canvas","meta":{"om_disable_all_campaigns":false,"_monsterinsights_skip_tracking":false,"_monsterinsights_sitenote_active":false,"_monsterinsights_sitenote_note":"","_monsterinsights_sitenote_category":0,"footnotes":""},"class_list":["post-2515","page","type-page","status-publish","hentry"],"yoast_head":"<!-- This site is optimized with the Yoast SEO plugin v24.9 - https:\/\/yoast.com\/wordpress\/plugins\/seo\/ -->\n<title>Klauzula informacyjna | MERAMONT S.A.<\/title>\n<meta name=\"description\" content=\"Klauzula informuje o tym w jaki spos\u00f3b Pa\u0144stwa dane osobowe s\u0105 przetwarzane, kto jest ich administratorem oraz o prawach przys\u0142uguj\u0105cych osobom.\" \/>\n<meta name=\"robots\" content=\"index, follow, max-snippet:-1, max-image-preview:large, max-video-preview:-1\" \/>\n<link rel=\"canonical\" href=\"https:\/\/www.meramont.pl\/pl_pl\/o-firmie\/klauzula-informacyjna\/\" \/>\n<meta property=\"og:locale\" content=\"pl_PL\" \/>\n<meta property=\"og:type\" content=\"article\" \/>\n<meta property=\"og:title\" content=\"Klauzula informacyjna | MERAMONT S.A.\" \/>\n<meta property=\"og:description\" content=\"Klauzula informuje o tym w jaki spos\u00f3b Pa\u0144stwa dane osobowe s\u0105 przetwarzane, kto jest ich administratorem oraz o prawach przys\u0142uguj\u0105cych osobom.\" \/>\n<meta property=\"og:url\" content=\"https:\/\/www.meramont.pl\/pl_pl\/o-firmie\/klauzula-informacyjna\/\" \/>\n<meta property=\"og:site_name\" content=\"Meramont S.A.\" \/>\n<meta property=\"article:modified_time\" content=\"2024-03-11T07:41:01+00:00\" \/>\n<meta name=\"twitter:card\" content=\"summary_large_image\" \/>\n<script type=\"application\/ld+json\" class=\"yoast-schema-graph\">{\"@context\":\"https:\/\/schema.org\",\"@graph\":[{\"@type\":\"WebPage\",\"@id\":\"https:\/\/www.meramont.pl\/o-firmie\/klauzula-informacyjna\/\",\"url\":\"https:\/\/www.meramont.pl\/o-firmie\/klauzula-informacyjna\/\",\"name\":\"Klauzula informacyjna | MERAMONT S.A.\",\"isPartOf\":{\"@id\":\"https:\/\/www.meramont.pl\/pl_pl\/#website\"},\"datePublished\":\"2019-11-07T23:17:17+00:00\",\"dateModified\":\"2024-03-11T07:41:01+00:00\",\"description\":\"Klauzula informuje o tym w jaki spos\u00f3b Pa\u0144stwa dane osobowe s\u0105 przetwarzane, kto jest ich administratorem oraz o prawach przys\u0142uguj\u0105cych osobom.\",\"breadcrumb\":{\"@id\":\"https:\/\/www.meramont.pl\/o-firmie\/klauzula-informacyjna\/#breadcrumb\"},\"inLanguage\":\"pl-PL\",\"potentialAction\":[{\"@type\":\"ReadAction\",\"target\":[\"https:\/\/www.meramont.pl\/o-firmie\/klauzula-informacyjna\/\"]}]},{\"@type\":\"BreadcrumbList\",\"@id\":\"https:\/\/www.meramont.pl\/o-firmie\/klauzula-informacyjna\/#breadcrumb\",\"itemListElement\":[{\"@type\":\"ListItem\",\"position\":1,\"name\":\"Strona g\u0142\u00f3wna\",\"item\":\"https:\/\/www.meramont.pl\/\"},{\"@type\":\"ListItem\",\"position\":2,\"name\":\"O Firmie\",\"item\":\"https:\/\/www.meramont.pl\/o-firmie\/\"},{\"@type\":\"ListItem\",\"position\":3,\"name\":\"Klauzula Informacyjna\"}]},{\"@type\":\"WebSite\",\"@id\":\"https:\/\/www.meramont.pl\/pl_pl\/#website\",\"url\":\"https:\/\/www.meramont.pl\/pl_pl\/\",\"name\":\"Meramont S.A.\",\"description\":\"Ponad 50 lat profesjonalnej obr\u00f3bki metali\",\"publisher\":{\"@id\":\"https:\/\/www.meramont.pl\/pl_pl\/#organization\"},\"potentialAction\":[{\"@type\":\"SearchAction\",\"target\":{\"@type\":\"EntryPoint\",\"urlTemplate\":\"https:\/\/www.meramont.pl\/pl_pl\/?s={search_term_string}\"},\"query-input\":{\"@type\":\"PropertyValueSpecification\",\"valueRequired\":true,\"valueName\":\"search_term_string\"}}],\"inLanguage\":\"pl-PL\"},{\"@type\":\"Organization\",\"@id\":\"https:\/\/www.meramont.pl\/pl_pl\/#organization\",\"name\":\"Meramont S.A.\",\"url\":\"https:\/\/www.meramont.pl\/pl_pl\/\",\"logo\":{\"@type\":\"ImageObject\",\"inLanguage\":\"pl-PL\",\"@id\":\"https:\/\/www.meramont.pl\/pl_pl\/#\/schema\/logo\/image\/\",\"url\":\"https:\/\/www.meramont.pl\/wp-content\/uploads\/2018\/07\/cropped-MeramontLogo.png\",\"contentUrl\":\"https:\/\/www.meramont.pl\/wp-content\/uploads\/2018\/07\/cropped-MeramontLogo.png\",\"width\":200,\"height\":60,\"caption\":\"Meramont S.A.\"},\"image\":{\"@id\":\"https:\/\/www.meramont.pl\/pl_pl\/#\/schema\/logo\/image\/\"},\"sameAs\":[\"https:\/\/www.linkedin.com\/company\/meramont\"]}]}<\/script>\n<!-- \/ Yoast SEO plugin. -->","yoast_head_json":{"title":"Klauzula informacyjna | MERAMONT S.A.","description":"Klauzula informuje o tym w jaki spos\u00f3b Pa\u0144stwa dane osobowe s\u0105 przetwarzane, kto jest ich administratorem oraz o prawach przys\u0142uguj\u0105cych osobom.","robots":{"index":"index","follow":"follow","max-snippet":"max-snippet:-1","max-image-preview":"max-image-preview:large","max-video-preview":"max-video-preview:-1"},"canonical":"https:\/\/www.meramont.pl\/pl_pl\/o-firmie\/klauzula-informacyjna\/","og_locale":"pl_PL","og_type":"article","og_title":"Klauzula informacyjna | MERAMONT S.A.","og_description":"Klauzula informuje o tym w jaki spos\u00f3b Pa\u0144stwa dane osobowe s\u0105 przetwarzane, kto jest ich administratorem oraz o prawach przys\u0142uguj\u0105cych osobom.","og_url":"https:\/\/www.meramont.pl\/pl_pl\/o-firmie\/klauzula-informacyjna\/","og_site_name":"Meramont S.A.","article_modified_time":"2024-03-11T07:41:01+00:00","twitter_card":"summary_large_image","schema":{"@context":"https:\/\/schema.org","@graph":[{"@type":"WebPage","@id":"https:\/\/www.meramont.pl\/o-firmie\/klauzula-informacyjna\/","url":"https:\/\/www.meramont.pl\/o-firmie\/klauzula-informacyjna\/","name":"Klauzula informacyjna | MERAMONT S.A.","isPartOf":{"@id":"https:\/\/www.meramont.pl\/pl_pl\/#website"},"datePublished":"2019-11-07T23:17:17+00:00","dateModified":"2024-03-11T07:41:01+00:00","description":"Klauzula informuje o tym w jaki spos\u00f3b Pa\u0144stwa dane osobowe s\u0105 przetwarzane, kto jest ich administratorem oraz o prawach przys\u0142uguj\u0105cych osobom.","breadcrumb":{"@id":"https:\/\/www.meramont.pl\/o-firmie\/klauzula-informacyjna\/#breadcrumb"},"inLanguage":"pl-PL","potentialAction":[{"@type":"ReadAction","target":["https:\/\/www.meramont.pl\/o-firmie\/klauzula-informacyjna\/"]}]},{"@type":"BreadcrumbList","@id":"https:\/\/www.meramont.pl\/o-firmie\/klauzula-informacyjna\/#breadcrumb","itemListElement":[{"@type":"ListItem","position":1,"name":"Strona g\u0142\u00f3wna","item":"https:\/\/www.meramont.pl\/"},{"@type":"ListItem","position":2,"name":"O Firmie","item":"https:\/\/www.meramont.pl\/o-firmie\/"},{"@type":"ListItem","position":3,"name":"Klauzula Informacyjna"}]},{"@type":"WebSite","@id":"https:\/\/www.meramont.pl\/pl_pl\/#website","url":"https:\/\/www.meramont.pl\/pl_pl\/","name":"Meramont S.A.","description":"Ponad 50 lat profesjonalnej obr\u00f3bki metali","publisher":{"@id":"https:\/\/www.meramont.pl\/pl_pl\/#organization"},"potentialAction":[{"@type":"SearchAction","target":{"@type":"EntryPoint","urlTemplate":"https:\/\/www.meramont.pl\/pl_pl\/?s={search_term_string}"},"query-input":{"@type":"PropertyValueSpecification","valueRequired":true,"valueName":"search_term_string"}}],"inLanguage":"pl-PL"},{"@type":"Organization","@id":"https:\/\/www.meramont.pl\/pl_pl\/#organization","name":"Meramont S.A.","url":"https:\/\/www.meramont.pl\/pl_pl\/","logo":{"@type":"ImageObject","inLanguage":"pl-PL","@id":"https:\/\/www.meramont.pl\/pl_pl\/#\/schema\/logo\/image\/","url":"https:\/\/www.meramont.pl\/wp-content\/uploads\/2018\/07\/cropped-MeramontLogo.png","contentUrl":"https:\/\/www.meramont.pl\/wp-content\/uploads\/2018\/07\/cropped-MeramontLogo.png","width":200,"height":60,"caption":"Meramont S.A."},"image":{"@id":"https:\/\/www.meramont.pl\/pl_pl\/#\/schema\/logo\/image\/"},"sameAs":["https:\/\/www.linkedin.com\/company\/meramont"]}]}},"_links":{"self":[{"href":"https:\/\/www.meramont.pl\/pl_pl\/wp-json\/wp\/v2\/pages\/2515","targetHints":{"allow":["GET"]}}],"collection":[{"href":"https:\/\/www.meramont.pl\/pl_pl\/wp-json\/wp\/v2\/pages"}],"about":[{"href":"https:\/\/www.meramont.pl\/pl_pl\/wp-json\/wp\/v2\/types\/page"}],"author":[{"embeddable":true,"href":"https:\/\/www.meramont.pl\/pl_pl\/wp-json\/wp\/v2\/users\/1"}],"replies":[{"embeddable":true,"href":"https:\/\/www.meramont.pl\/pl_pl\/wp-json\/wp\/v2\/comments?post=2515"}],"version-history":[{"count":43,"href":"https:\/\/www.meramont.pl\/pl_pl\/wp-json\/wp\/v2\/pages\/2515\/revisions"}],"predecessor-version":[{"id":4913,"href":"https:\/\/www.meramont.pl\/pl_pl\/wp-json\/wp\/v2\/pages\/2515\/revisions\/4913"}],"up":[{"embeddable":true,"href":"https:\/\/www.meramont.pl\/pl_pl\/wp-json\/wp\/v2\/pages\/2502"}],"wp:attachment":[{"href":"https:\/\/www.meramont.pl\/pl_pl\/wp-json\/wp\/v2\/media?parent=2515"}],"curies":[{"name":"wp","href":"https:\/\/api.w.org\/{rel}","templated":true}]}}