{"id":4143,"date":"2020-01-30T16:31:15","date_gmt":"2020-01-30T16:31:15","guid":{"rendered":"https:\/\/www.meramont.eu\/?page_id=4143"},"modified":"2023-06-14T09:39:53","modified_gmt":"2023-06-14T09:39:53","slug":"strefa-akcjonariusza","status":"publish","type":"page","link":"https:\/\/www.meramont.pl\/pl_pl\/o-firmie\/strefa-akcjonariusza\/","title":{"rendered":"Strefa akcjonariusza"},"content":{"rendered":"\t\t<div data-elementor-type=\"wp-post\" data-elementor-id=\"4143\" class=\"elementor elementor-4143\" data-elementor-settings=\"[]\">\n\t\t\t\t\t\t<div class=\"elementor-inner\">\n\t\t\t\t\t\t\t<div class=\"elementor-section-wrap\">\n\t\t\t\t\t\t\t<section class=\"elementor-section elementor-top-section elementor-element elementor-element-c4a2bd3 elementor-section-height-min-height elementor-section-boxed elementor-section-height-default elementor-section-items-middle\" data-id=\"c4a2bd3\" data-element_type=\"section\" data-settings=\"{&quot;background_background&quot;:&quot;slideshow&quot;,&quot;background_slideshow_gallery&quot;:[{&quot;id&quot;:3523,&quot;url&quot;:&quot;https:\\\/\\\/www.meramont.pl\\\/wp-content\\\/uploads\\\/2019\\\/11\\\/2500x1250-213.jpg&quot;},{&quot;id&quot;:3527,&quot;url&quot;:&quot;https:\\\/\\\/www.meramont.pl\\\/wp-content\\\/uploads\\\/2019\\\/11\\\/2500x1250-217.jpg&quot;},{&quot;id&quot;:3967,&quot;url&quot;:&quot;https:\\\/\\\/www.meramont.pl\\\/wp-content\\\/uploads\\\/2019\\\/12\\\/laser2d2500-521.jpeg&quot;}],&quot;background_slideshow_loop&quot;:&quot;yes&quot;,&quot;background_slideshow_slide_duration&quot;:5000,&quot;background_slideshow_slide_transition&quot;:&quot;fade&quot;,&quot;background_slideshow_transition_duration&quot;:500}\">\n\t\t\t\t\t\t\t<div class=\"elementor-background-overlay\"><\/div>\n\t\t\t\t\t\t\t<div class=\"elementor-container elementor-column-gap-default\">\n\t\t\t\t\t\t\t<div class=\"elementor-row\">\n\t\t\t\t\t<div class=\"elementor-column elementor-col-100 elementor-top-column elementor-element elementor-element-6e91aa0\" data-id=\"6e91aa0\" data-element_type=\"column\">\n\t\t\t<div class=\"elementor-column-wrap elementor-element-populated\">\n\t\t\t\t\t\t\t<div class=\"elementor-widget-wrap\">\n\t\t\t\t\t\t<div class=\"elementor-element elementor-element-7dc57c9 elementor-widget elementor-widget-heading\" data-id=\"7dc57c9\" data-element_type=\"widget\" data-widget_type=\"heading.default\">\n\t\t\t\t<div class=\"elementor-widget-container\">\n\t\t\t<h1 class=\"elementor-heading-title elementor-size-default elementor-heading-title elementor-size-default elementor-align-after-center elementor-align-after-mobile-center\">Strefa akcjonariusza<\/h1>\t\t<\/div>\n\t\t\t\t<\/div>\n\t\t\t\t\t\t<\/div>\n\t\t\t\t\t<\/div>\n\t\t<\/div>\n\t\t\t\t\t\t\t\t<\/div>\n\t\t\t\t\t<\/div>\n\t\t<\/section>\n\t\t\t\t<section class=\"elementor-section elementor-top-section elementor-element elementor-element-472d33a elementor-section-boxed elementor-section-height-default elementor-section-height-default\" data-id=\"472d33a\" data-element_type=\"section\" data-settings=\"{&quot;background_background&quot;:&quot;classic&quot;}\">\n\t\t\t\t\t\t<div class=\"elementor-container elementor-column-gap-default\">\n\t\t\t\t\t\t\t<div class=\"elementor-row\">\n\t\t\t\t\t<div class=\"elementor-column elementor-col-100 elementor-top-column elementor-element elementor-element-d7164ed\" data-id=\"d7164ed\" data-element_type=\"column\">\n\t\t\t<div class=\"elementor-column-wrap elementor-element-populated\">\n\t\t\t\t\t\t\t<div class=\"elementor-widget-wrap\">\n\t\t\t\t\t\t<div class=\"elementor-element elementor-element-2195ef4 elementor-widget elementor-widget-text-editor\" data-id=\"2195ef4\" data-element_type=\"widget\" data-widget_type=\"text-editor.default\">\n\t\t\t\t<div class=\"elementor-widget-container\">\n\t\t\t\t\t\t\t\t<div class=\"elementor-text-editor elementor-clearfix\">\n\t\t\t\t<h2 style=\"margin-left: 1rem;\">Og\u0142oszenie o zwo\u0142aniu zwyczajnego walnego zgromadzenia sp\u00f3\u0142ki<\/h2>\n<ul>\n<ol style=\"color: #222222; font-family: Arial, Helvetica, sans-serif; font-size: small; font-variant-ligatures: normal; orphans: 2; widows: 2; margin-top: 0cm;\" start=\"1\" type=\"1\">\n<li style=\"margin-left: 0cm;\">Dane Sp\u00f3\u0142ki:<u><\/u><u><\/u><\/li>\n<\/ol>\n<p style=\"margin: 0px 0px 0px 70.8pt; color: #222222; font-family: Arial, Helvetica, sans-serif; font-size: small; font-variant-ligatures: normal; orphans: 2; widows: 2;\">Firma: Meramont S.A.,<u><\/u><u><\/u><\/p>\n<p style=\"margin: 0px 0px 0px 70.8pt; color: #222222; font-family: Arial, Helvetica, sans-serif; font-size: small; font-variant-ligatures: normal; orphans: 2; widows: 2;\">Siedziba i adres: ul. Ko\u015bciuszki 14, 62-300 Wrze\u015bnia,<u><\/u><u><\/u><\/p>\n<p style=\"margin: 0px 0px 0px 70.8pt; color: #222222; font-family: Arial, Helvetica, sans-serif; font-size: small; font-variant-ligatures: normal; orphans: 2; widows: 2;\">Oznaczenie s\u0105du rejestrowego: S\u0105d<br>Rejonowy Pozna\u0144 Nowe Miasto i Wilda w Poznaniu, VIII Wydzia\u0142 Gospodarczy<br>Krajowego Rejestru S\u0105dowego<u><\/u><u><\/u><\/p>\n<p style=\"margin: 0px 0px 0px 70.8pt; color: #222222; font-family: Arial, Helvetica, sans-serif; font-size: small; font-variant-ligatures: normal; orphans: 2; widows: 2;\">Numer Identyfikacji Podatkowej NIP: 789-000-35-32<u><\/u><u><\/u><\/p>\n<p style=\"margin: 0px 0px 0px 70.8pt; color: #222222; font-family: Arial, Helvetica, sans-serif; font-size: small; font-variant-ligatures: normal; orphans: 2; widows: 2;\">Wysoko\u015b\u0107 kapita\u0142u zak\u0142adowego: 1.504.320 PLN, Wysoko\u015b\u0107 kapita\u0142u wp\u0142aconego: 1.504.320 PLN<u><\/u><u><\/u><\/p>\n<p style=\"margin: 0px; color: #222222; font-family: Arial, Helvetica, sans-serif; font-size: small; font-variant-ligatures: normal; orphans: 2; widows: 2;\"><u><\/u>&nbsp;<u><\/u><\/p>\n<ol style=\"color: #222222; font-family: Arial, Helvetica, sans-serif; font-size: small; font-variant-ligatures: normal; orphans: 2; widows: 2; margin-top: 0cm;\" start=\"2\" type=\"1\">\n<li style=\"margin-left: 0cm;\">Informacje dla akcjonariuszy<br><u><\/u><br>&#8211; <a href=\"https:\/\/www.meramont.pl\/wp-content\/uploads\/2020\/06\/informacje_dla_akcjonariuszy.pdf\" target=\"_blank\" rel=\"noopener\"><span style=\"text-decoration: underline;\">Wezwanie nr 1<\/span><\/a><br>&#8211; <a href=\"https:\/\/www.meramont.pl\/wp-content\/uploads\/2020\/07\/wezwanie_akcjonariuszy.pdf\" target=\"_blank\" rel=\"noopener\"><span style=\"text-decoration: underline;\">Wezwanie nr 2<\/span><\/a><br>&#8211; <span style=\"text-decoration: underline;\"><a href=\"https:\/\/www.meramont.pl\/wp-content\/uploads\/2020\/07\/wezwanie_nr3.pdf\" target=\"_blank\" rel=\"noopener\">Wezwanie nr 3<\/a><br><\/span>&#8211; <a href=\"https:\/\/www.meramont.pl\/wp-content\/uploads\/2020\/08\/wezwanie_akconariuszy082020.pdf\" target=\"_blank\" rel=\"noopener\"><span style=\"text-decoration: underline;\">Wezwanie nr 4<\/span><\/a><br>&#8211; <a href=\"https:\/\/www.meramont.pl\/wp-content\/uploads\/2020\/08\/wezwanie_akcjonariuszy18082020.pdf\" target=\"_blank\" rel=\"noopener\"><span style=\"text-decoration: underline;\">Wezwanie nr 5<\/span><\/a><\/li>\n<p><br><\/p>\n<li style=\"margin-left: 0cm;\">Og\u0142oszenia dla akcjonariuszy<\/li>\n<p><br><a href=\"https:\/\/www.meramont.pl\/wp-content\/uploads\/2023\/06\/ogloszenie_o_zwolaniu_zwyczajnego_walcego_zgromadzenia_13052023.pdf\" target=\"_blank\" rel=\"noopener\" style=\"font-weight: var( --e-global-typography-text-font-weight ); background-color: rgb(255, 255, 255); text-decoration-line: underline;\">Og\u0142oszenie o zwo\u0142aniu zwyczajnego walnego zgromadzenia sp\u00f3\u0142ki 2023<\/a><\/p>\n<p><a href=\"https:\/\/www.meramont.pl\/wp-content\/uploads\/2022\/07\/nadzwyczajne-zgromadzenie.pdf\" target=\"_blank\" rel=\"noopener\" style=\"background-color: rgb(255, 255, 255); text-decoration-line: underline; font-weight: var( --e-global-typography-text-font-weight );\">Og\u0142oszenie o zwo\u0142aniu zwyczajnego walnego zgromadzenia sp\u00f3\u0142ki 2022<\/a><br><\/p>\n<p><a href=\"https:\/\/www.meramont.pl\/wp-content\/uploads\/2021\/08\/Ogloszenie_o_zwolaniu_zwyczajnego_walnego_zgromadzenia_spolki.pdf\" target=\"_blank\" rel=\"noopener\" style=\"background-color: rgb(255, 255, 255); text-decoration-line: underline; font-weight: var( --e-global-typography-text-font-weight );\">Og\u0142oszenie o zwo\u0142aniu zwyczajnego walnego zgromadzenia sp\u00f3\u0142ki 2021<\/a><\/p>\n<\/ol>\n<\/ul>\t\t\t\t\t<\/div>\n\t\t\t\t\t\t<\/div>\n\t\t\t\t<\/div>\n\t\t\t\t<div class=\"elementor-element elementor-element-29e3e5c elementor-widget elementor-widget-text-editor\" data-id=\"29e3e5c\" data-element_type=\"widget\" data-widget_type=\"text-editor.default\">\n\t\t\t\t<div class=\"elementor-widget-container\">\n\t\t\t\t\t\t\t\t<div class=\"elementor-text-editor elementor-clearfix\">\n\t\t\t\t\t\t\t\t\t<\/div>\n\t\t\t\t\t\t<\/div>\n\t\t\t\t<\/div>\n\t\t\t\t\t\t<\/div>\n\t\t\t\t\t<\/div>\n\t\t<\/div>\n\t\t\t\t\t\t\t\t<\/div>\n\t\t\t\t\t<\/div>\n\t\t<\/section>\n\t\t\t\t\t\t<\/div>\n\t\t\t\t\t\t<\/div>\n\t\t\t\t\t<\/div>\n\t\t","protected":false},"excerpt":{"rendered":"<p>Strefa akcjonariusza Og\u0142oszenie o zwo\u0142aniu zwyczajnego walnego zgromadzenia sp\u00f3\u0142ki Dane Sp\u00f3\u0142ki: Firma: Meramont S.A., Siedziba i adres: ul&#8230;.<\/p>\n","protected":false},"author":3,"featured_media":0,"parent":2502,"menu_order":0,"comment_status":"closed","ping_status":"closed","template":"elementor_canvas","meta":{"om_disable_all_campaigns":false,"_monsterinsights_skip_tracking":false,"_monsterinsights_sitenote_active":false,"_monsterinsights_sitenote_note":"","_monsterinsights_sitenote_category":0,"footnotes":""},"class_list":["post-4143","page","type-page","status-publish","hentry"],"yoast_head":"<!-- This site is optimized with the Yoast SEO plugin v24.9 - https:\/\/yoast.com\/wordpress\/plugins\/seo\/ -->\n<title>Og\u0142oszenia wymagane przepisami prawa | MERAMONT S.A.<\/title>\n<meta name=\"robots\" content=\"index, follow, max-snippet:-1, max-image-preview:large, max-video-preview:-1\" \/>\n<link rel=\"canonical\" href=\"https:\/\/www.meramont.pl\/pl_pl\/o-firmie\/strefa-akcjonariusza\/\" \/>\n<meta property=\"og:locale\" content=\"pl_PL\" \/>\n<meta property=\"og:type\" content=\"article\" \/>\n<meta property=\"og:title\" content=\"Og\u0142oszenia wymagane przepisami prawa | MERAMONT S.A.\" \/>\n<meta property=\"og:description\" content=\"Strefa akcjonariusza Og\u0142oszenie o zwo\u0142aniu zwyczajnego walnego zgromadzenia sp\u00f3\u0142ki Dane Sp\u00f3\u0142ki: Firma: Meramont S.A., Siedziba i adres: ul....\" \/>\n<meta property=\"og:url\" content=\"https:\/\/www.meramont.pl\/pl_pl\/o-firmie\/strefa-akcjonariusza\/\" \/>\n<meta property=\"og:site_name\" content=\"Meramont S.A.\" \/>\n<meta property=\"article:modified_time\" content=\"2023-06-14T09:39:53+00:00\" \/>\n<meta name=\"twitter:card\" content=\"summary_large_image\" \/>\n<meta name=\"twitter:label1\" content=\"Szacowany czas czytania\" \/>\n\t<meta name=\"twitter:data1\" content=\"1 minuta\" \/>\n<script type=\"application\/ld+json\" class=\"yoast-schema-graph\">{\"@context\":\"https:\/\/schema.org\",\"@graph\":[{\"@type\":\"WebPage\",\"@id\":\"https:\/\/www.meramont.pl\/o-firmie\/strefa-akcjonariusza\/\",\"url\":\"https:\/\/www.meramont.pl\/o-firmie\/strefa-akcjonariusza\/\",\"name\":\"Og\u0142oszenia wymagane przepisami prawa | MERAMONT S.A.\",\"isPartOf\":{\"@id\":\"https:\/\/www.meramont.pl\/pl_pl\/#website\"},\"datePublished\":\"2020-01-30T16:31:15+00:00\",\"dateModified\":\"2023-06-14T09:39:53+00:00\",\"breadcrumb\":{\"@id\":\"https:\/\/www.meramont.pl\/o-firmie\/strefa-akcjonariusza\/#breadcrumb\"},\"inLanguage\":\"pl-PL\",\"potentialAction\":[{\"@type\":\"ReadAction\",\"target\":[\"https:\/\/www.meramont.pl\/o-firmie\/strefa-akcjonariusza\/\"]}]},{\"@type\":\"BreadcrumbList\",\"@id\":\"https:\/\/www.meramont.pl\/o-firmie\/strefa-akcjonariusza\/#breadcrumb\",\"itemListElement\":[{\"@type\":\"ListItem\",\"position\":1,\"name\":\"Strona g\u0142\u00f3wna\",\"item\":\"https:\/\/www.meramont.pl\/\"},{\"@type\":\"ListItem\",\"position\":2,\"name\":\"O Firmie\",\"item\":\"https:\/\/www.meramont.pl\/o-firmie\/\"},{\"@type\":\"ListItem\",\"position\":3,\"name\":\"Strefa akcjonariusza\"}]},{\"@type\":\"WebSite\",\"@id\":\"https:\/\/www.meramont.pl\/pl_pl\/#website\",\"url\":\"https:\/\/www.meramont.pl\/pl_pl\/\",\"name\":\"Meramont S.A.\",\"description\":\"Ponad 50 lat profesjonalnej obr\u00f3bki metali\",\"publisher\":{\"@id\":\"https:\/\/www.meramont.pl\/pl_pl\/#organization\"},\"potentialAction\":[{\"@type\":\"SearchAction\",\"target\":{\"@type\":\"EntryPoint\",\"urlTemplate\":\"https:\/\/www.meramont.pl\/pl_pl\/?s={search_term_string}\"},\"query-input\":{\"@type\":\"PropertyValueSpecification\",\"valueRequired\":true,\"valueName\":\"search_term_string\"}}],\"inLanguage\":\"pl-PL\"},{\"@type\":\"Organization\",\"@id\":\"https:\/\/www.meramont.pl\/pl_pl\/#organization\",\"name\":\"Meramont S.A.\",\"url\":\"https:\/\/www.meramont.pl\/pl_pl\/\",\"logo\":{\"@type\":\"ImageObject\",\"inLanguage\":\"pl-PL\",\"@id\":\"https:\/\/www.meramont.pl\/pl_pl\/#\/schema\/logo\/image\/\",\"url\":\"https:\/\/www.meramont.pl\/wp-content\/uploads\/2018\/07\/cropped-MeramontLogo.png\",\"contentUrl\":\"https:\/\/www.meramont.pl\/wp-content\/uploads\/2018\/07\/cropped-MeramontLogo.png\",\"width\":200,\"height\":60,\"caption\":\"Meramont S.A.\"},\"image\":{\"@id\":\"https:\/\/www.meramont.pl\/pl_pl\/#\/schema\/logo\/image\/\"},\"sameAs\":[\"https:\/\/www.linkedin.com\/company\/meramont\"]}]}<\/script>\n<!-- \/ Yoast SEO plugin. -->","yoast_head_json":{"title":"Og\u0142oszenia wymagane przepisami prawa | MERAMONT S.A.","robots":{"index":"index","follow":"follow","max-snippet":"max-snippet:-1","max-image-preview":"max-image-preview:large","max-video-preview":"max-video-preview:-1"},"canonical":"https:\/\/www.meramont.pl\/pl_pl\/o-firmie\/strefa-akcjonariusza\/","og_locale":"pl_PL","og_type":"article","og_title":"Og\u0142oszenia wymagane przepisami prawa | MERAMONT S.A.","og_description":"Strefa akcjonariusza Og\u0142oszenie o zwo\u0142aniu zwyczajnego walnego zgromadzenia sp\u00f3\u0142ki Dane Sp\u00f3\u0142ki: Firma: Meramont S.A., Siedziba i adres: ul....","og_url":"https:\/\/www.meramont.pl\/pl_pl\/o-firmie\/strefa-akcjonariusza\/","og_site_name":"Meramont S.A.","article_modified_time":"2023-06-14T09:39:53+00:00","twitter_card":"summary_large_image","twitter_misc":{"Szacowany czas czytania":"1 minuta"},"schema":{"@context":"https:\/\/schema.org","@graph":[{"@type":"WebPage","@id":"https:\/\/www.meramont.pl\/o-firmie\/strefa-akcjonariusza\/","url":"https:\/\/www.meramont.pl\/o-firmie\/strefa-akcjonariusza\/","name":"Og\u0142oszenia wymagane przepisami prawa | MERAMONT S.A.","isPartOf":{"@id":"https:\/\/www.meramont.pl\/pl_pl\/#website"},"datePublished":"2020-01-30T16:31:15+00:00","dateModified":"2023-06-14T09:39:53+00:00","breadcrumb":{"@id":"https:\/\/www.meramont.pl\/o-firmie\/strefa-akcjonariusza\/#breadcrumb"},"inLanguage":"pl-PL","potentialAction":[{"@type":"ReadAction","target":["https:\/\/www.meramont.pl\/o-firmie\/strefa-akcjonariusza\/"]}]},{"@type":"BreadcrumbList","@id":"https:\/\/www.meramont.pl\/o-firmie\/strefa-akcjonariusza\/#breadcrumb","itemListElement":[{"@type":"ListItem","position":1,"name":"Strona g\u0142\u00f3wna","item":"https:\/\/www.meramont.pl\/"},{"@type":"ListItem","position":2,"name":"O Firmie","item":"https:\/\/www.meramont.pl\/o-firmie\/"},{"@type":"ListItem","position":3,"name":"Strefa akcjonariusza"}]},{"@type":"WebSite","@id":"https:\/\/www.meramont.pl\/pl_pl\/#website","url":"https:\/\/www.meramont.pl\/pl_pl\/","name":"Meramont S.A.","description":"Ponad 50 lat profesjonalnej obr\u00f3bki metali","publisher":{"@id":"https:\/\/www.meramont.pl\/pl_pl\/#organization"},"potentialAction":[{"@type":"SearchAction","target":{"@type":"EntryPoint","urlTemplate":"https:\/\/www.meramont.pl\/pl_pl\/?s={search_term_string}"},"query-input":{"@type":"PropertyValueSpecification","valueRequired":true,"valueName":"search_term_string"}}],"inLanguage":"pl-PL"},{"@type":"Organization","@id":"https:\/\/www.meramont.pl\/pl_pl\/#organization","name":"Meramont S.A.","url":"https:\/\/www.meramont.pl\/pl_pl\/","logo":{"@type":"ImageObject","inLanguage":"pl-PL","@id":"https:\/\/www.meramont.pl\/pl_pl\/#\/schema\/logo\/image\/","url":"https:\/\/www.meramont.pl\/wp-content\/uploads\/2018\/07\/cropped-MeramontLogo.png","contentUrl":"https:\/\/www.meramont.pl\/wp-content\/uploads\/2018\/07\/cropped-MeramontLogo.png","width":200,"height":60,"caption":"Meramont S.A."},"image":{"@id":"https:\/\/www.meramont.pl\/pl_pl\/#\/schema\/logo\/image\/"},"sameAs":["https:\/\/www.linkedin.com\/company\/meramont"]}]}},"_links":{"self":[{"href":"https:\/\/www.meramont.pl\/pl_pl\/wp-json\/wp\/v2\/pages\/4143","targetHints":{"allow":["GET"]}}],"collection":[{"href":"https:\/\/www.meramont.pl\/pl_pl\/wp-json\/wp\/v2\/pages"}],"about":[{"href":"https:\/\/www.meramont.pl\/pl_pl\/wp-json\/wp\/v2\/types\/page"}],"author":[{"embeddable":true,"href":"https:\/\/www.meramont.pl\/pl_pl\/wp-json\/wp\/v2\/users\/3"}],"replies":[{"embeddable":true,"href":"https:\/\/www.meramont.pl\/pl_pl\/wp-json\/wp\/v2\/comments?post=4143"}],"version-history":[{"count":41,"href":"https:\/\/www.meramont.pl\/pl_pl\/wp-json\/wp\/v2\/pages\/4143\/revisions"}],"predecessor-version":[{"id":4799,"href":"https:\/\/www.meramont.pl\/pl_pl\/wp-json\/wp\/v2\/pages\/4143\/revisions\/4799"}],"up":[{"embeddable":true,"href":"https:\/\/www.meramont.pl\/pl_pl\/wp-json\/wp\/v2\/pages\/2502"}],"wp:attachment":[{"href":"https:\/\/www.meramont.pl\/pl_pl\/wp-json\/wp\/v2\/media?parent=4143"}],"curies":[{"name":"wp","href":"https:\/\/api.w.org\/{rel}","templated":true}]}}